{"id":17,"date":"2024-06-06T11:43:15","date_gmt":"2024-06-06T11:43:15","guid":{"rendered":"https:\/\/demosites.royal-elementor-addons.com\/business-consulting-v2\/?page_id=17"},"modified":"2026-03-15T06:29:09","modified_gmt":"2026-03-15T05:29:09","slug":"formation-cse-cst","status":"publish","type":"page","link":"https:\/\/psmformationconsulting.com\/?page_id=17","title":{"rendered":"Formations CSE et CST"},"content":{"rendered":"\t\t<div data-elementor-type=\"wp-page\" data-elementor-id=\"17\" class=\"elementor elementor-17\">\n\t\t\t\t<div class=\"elementor-element elementor-element-744c756 e-flex e-con-boxed wpr-particle-no wpr-jarallax-no wpr-parallax-no wpr-equal-height-no e-con e-parent\" data-id=\"744c756\" data-element_type=\"container\" data-e-type=\"container\" data-settings=\"{&quot;background_background&quot;:&quot;classic&quot;}\">\n\t\t\t\t\t<div class=\"e-con-inner\">\n\t\t\t\t<div class=\"elementor-element elementor-element-18f0845 elementor-invisible elementor-widget elementor-widget-heading\" data-id=\"18f0845\" data-element_type=\"widget\" data-e-type=\"widget\" data-settings=\"{&quot;_animation&quot;:&quot;fadeIn&quot;}\" data-widget_type=\"heading.default\">\n\t\t\t\t<div class=\"elementor-widget-container\">\n\t\t\t\t\t<h1 class=\"elementor-heading-title elementor-size-default\">Comit\u00e9 Social et \u00c9conomique (CSE) - Comit\u00e9 de S\u00e9curit\u00e9 et des Conditions de Travail (CST)<\/h1>\t\t\t\t<\/div>\n\t\t\t\t<\/div>\n\t\t\t\t<div class=\"elementor-element elementor-element-93d712f elementor-invisible elementor-widget elementor-widget-heading\" data-id=\"93d712f\" data-element_type=\"widget\" data-e-type=\"widget\" data-settings=\"{&quot;_animation&quot;:&quot;fadeIn&quot;}\" data-widget_type=\"heading.default\">\n\t\t\t\t<div class=\"elementor-widget-container\">\n\t\t\t\t\t<h2 class=\"elementor-heading-title elementor-size-default\">Formation CSE &amp; CST<\/h2>\t\t\t\t<\/div>\n\t\t\t\t<\/div>\n\t\t\t\t<div class=\"elementor-element elementor-element-3eb101e elementor-hidden-desktop elementor-hidden-tablet elementor-hidden-mobile elementor-invisible elementor-widget elementor-widget-heading\" data-id=\"3eb101e\" data-element_type=\"widget\" data-e-type=\"widget\" data-settings=\"{&quot;_animation&quot;:&quot;fadeIn&quot;}\" data-widget_type=\"heading.default\">\n\t\t\t\t<div class=\"elementor-widget-container\">\n\t\t\t\t\t<h1 class=\"elementor-heading-title elementor-size-default\">Formation CSE CST - PSM Formation Consulting<\/h1>\t\t\t\t<\/div>\n\t\t\t\t<\/div>\n\t\t\t\t\t<\/div>\n\t\t\t\t<\/div>\n\t\t<div class=\"elementor-element elementor-element-19a2d60 e-flex e-con-boxed wpr-particle-no wpr-jarallax-no wpr-parallax-no wpr-equal-height-no e-con e-parent\" data-id=\"19a2d60\" data-element_type=\"container\" data-e-type=\"container\">\n\t\t\t\t\t<div class=\"e-con-inner\">\n\t\t\t\t<div class=\"elementor-element elementor-element-650041c elementor-widget elementor-widget-text-editor\" data-id=\"650041c\" data-element_type=\"widget\" data-e-type=\"widget\" data-widget_type=\"text-editor.default\">\n\t\t\t\t<div class=\"elementor-widget-container\">\n\t\t\t\t\t\t\t\t\t<p><span style=\"text-decoration: underline;\"><strong>Introduction aux CSE et CST<\/strong><\/span><\/p><p>Le Comit\u00e9 Social et \u00c9conomique (CSE) et le Comit\u00e9 de S\u00e9curit\u00e9 et des Conditions de Travail (CST) jouent des r\u00f4les essentiels au sein des entreprises. Le CSE est une instance de repr\u00e9sentation du personnel ayant pour but de garantir le dialogue social et la d\u00e9fense des int\u00e9r\u00eats des salari\u00e9s. Quant au CST, il se concentre plus particuli\u00e8rement sur les questions de sant\u00e9 et de s\u00e9curit\u00e9 au travail. Chez <strong>PSM Formation Consulting<\/strong>, nous proposons des formations compl\u00e8tes et certifi\u00e9es pour permettre aux membres de ces comit\u00e9s de remplir efficacement leurs missions.<\/p>\t\t\t\t\t\t\t\t<\/div>\n\t\t\t\t<\/div>\n\t\t\t\t\t<\/div>\n\t\t\t\t<\/div>\n\t\t<div class=\"elementor-element elementor-element-dc55b61 e-con-full e-flex wpr-particle-no wpr-jarallax-no wpr-parallax-no wpr-equal-height-no e-con e-parent\" data-id=\"dc55b61\" data-element_type=\"container\" data-e-type=\"container\">\n\t\t<div class=\"elementor-element elementor-element-b3f42e6 e-con-full e-flex wpr-particle-no wpr-jarallax-no wpr-parallax-no wpr-equal-height-no e-con e-child\" data-id=\"b3f42e6\" data-element_type=\"container\" data-e-type=\"container\">\n\t\t\t\t<div class=\"elementor-element elementor-element-ca0071d elementor-widget elementor-widget-heading\" data-id=\"ca0071d\" data-element_type=\"widget\" data-e-type=\"widget\" data-widget_type=\"heading.default\">\n\t\t\t\t<div class=\"elementor-widget-container\">\n\t\t\t\t\t<h2 class=\"elementor-heading-title elementor-size-default\">Toutes nos formations CSE :<\/h2>\t\t\t\t<\/div>\n\t\t\t\t<\/div>\n\t\t\t\t<div class=\"elementor-element elementor-element-de3929e wpr-advanced-accordion-icon-side-box elementor-widget elementor-widget-wpr-advanced-accordion\" data-id=\"de3929e\" data-element_type=\"widget\" data-e-type=\"widget\" data-settings=\"{&quot;active_item&quot;:1}\" data-widget_type=\"wpr-advanced-accordion.default\">\n\t\t\t\t<div class=\"elementor-widget-container\">\n\t\t\t\t\t\n            <div class=\"wpr-advanced-accordion\" data-accordion-type=\"accordion\" data-active-index=\"1\" data-accordion-trigger=\"click\" data-interaction-speed=\"0.4\">\n\n\t\t\t\n                \n\t\t\t\t\t<div class=\"wpr-accordion-item-wrap\">\n\t\t\t\t\t\t<button class=\"wpr-acc-button\">\n\t\t\t\t\t\t\t<span class=\"wpr-acc-item-title\">\n\t\t\t\t\t\t\t\t\t\t\t\t\t\t\t\t\t<div class=\"wpr-acc-icon-box\">\n\t\t\t\t\t\t\t\t\t\t\t\t\t\t<span class=\"wpr-title-icon\">\n\t\t\t\t\t<i aria-hidden=\"true\" class=\"fas fa-desktop\"><\/i>\t\t\t\t<\/span>\n\t\t\t\t\t\t\t\t\t\t\t\t<\/div>\n\t\t\t\t\t\t\t\t\n\t\t\t\t\t\t\t\t<span class=\"wpr-acc-title-text\">Formations obligatoires<\/span>\n\t\t\t\t\t\t\t<\/span>\n\t\t\t\t\t\t\t\t\t\t\t<span class=\"wpr-toggle-icon wpr-ti-close\"><svg aria-hidden=\"true\" class=\"e-font-icon-svg e-fas-plus\" viewBox=\"0 0 448 512\" xmlns=\"http:\/\/www.w3.org\/2000\/svg\"><path d=\"M416 208H272V64c0-17.67-14.33-32-32-32h-32c-17.67 0-32 14.33-32 32v144H32c-17.67 0-32 14.33-32 32v32c0 17.67 14.33 32 32 32h144v144c0 17.67 14.33 32 32 32h32c17.67 0 32-14.33 32-32V304h144c17.67 0 32-14.33 32-32v-32c0-17.67-14.33-32-32-32z\"><\/path><\/svg><\/span>\n\t\t\t\t<span class=\"wpr-toggle-icon wpr-ti-open\"><svg aria-hidden=\"true\" class=\"e-font-icon-svg e-fas-minus\" viewBox=\"0 0 448 512\" xmlns=\"http:\/\/www.w3.org\/2000\/svg\"><path d=\"M416 208H32c-17.67 0-32 14.33-32 32v32c0 17.67 14.33 32 32 32h384c17.67 0 32-14.33 32-32v-32c0-17.67-14.33-32-32-32z\"><\/path><\/svg><\/span>\n\t\t\t\t\t\t\t\t\t<\/button>\n\n\t\t\t\t\t\t<div class=\"wpr-acc-panel\">\n\t\t\t\t\t\t\t\t\t\t\t\t\t\t\t<div class=\"wpr-acc-panel-content\"><table style=\"height: 172px;\" width=\"617\"><tbody><tr><td width=\"612\"><a href=\"https:\/\/psmformationconsulting.com\/?page_id=37\">Formation Sant\u00e9 S\u00e9curit\u00e9 et Conditions de Travail (SSCT) Initiale, 300+ salari\u00e9s<\/a><\/td><\/tr><tr><td><a href=\"https:\/\/psmformationconsulting.com\/?page_id=3797\">Formation Sant\u00e9 S\u00e9curit\u00e9 et Conditions de Travail (SSCT) Initiale, 50 \u00e0 299 salari\u00e9s<\/a><\/td><\/tr><tr><td><a href=\"https:\/\/psmformationconsulting.com\/?page_id=3823\">Formation Sant\u00e9 S\u00e9curit\u00e9 et Conditions de Travail (SSCT) Initiale, 11 \u00e0 49 salari\u00e9s<\/a><\/td><\/tr><tr><td><a href=\"https:\/\/psmformationconsulting.com\/?page_id=3835\">Formation Comission SSCT Renouvellement, 300+ Salari\u00e9s<\/a><\/td><\/tr><tr><td><p>Formation Sant\u00e9 S\u00e9curit\u00e9 et conditions de travail (SSCT) Renouvellement, 11 \u00e0 299 Salari\u00e9s<\/p><\/td><\/tr><tr><td><a href=\"https:\/\/psmformationconsulting.com\/?page_id=3984\">Formation R\u00e9f\u00e9rent Harc\u00e8lement sexuel et agissements sexistes\u00a0<\/a><\/td><\/tr><tr><td><a href=\"https:\/\/psmformationconsulting.com\/?page_id=3849\">Formation Sant\u00e9 S\u00e9curit\u00e9 et Conditions de Travail pour \u00e9lus du CST (Collectivit\u00e9s territoriales)<\/a><\/td><\/tr><\/tbody><\/table><\/div>\n\t\t\t\t\t\t\t\t\t\t\t\t\t<\/div>\n                    <\/div>\n\n                \n\t\t\t\t\t<div class=\"wpr-accordion-item-wrap\">\n\t\t\t\t\t\t<button class=\"wpr-acc-button\">\n\t\t\t\t\t\t\t<span class=\"wpr-acc-item-title\">\n\t\t\t\t\t\t\t\t\t\t\t\t\t\t\t\t\t<div class=\"wpr-acc-icon-box\">\n\t\t\t\t\t\t\t\t\t\t\t\t\t\t<span class=\"wpr-title-icon\">\n\t\t\t\t\t<i aria-hidden=\"true\" class=\"fab fa-telegram-plane\"><\/i>\t\t\t\t<\/span>\n\t\t\t\t\t\t\t\t\t\t\t\t<\/div>\n\t\t\t\t\t\t\t\t\n\t\t\t\t\t\t\t\t<span class=\"wpr-acc-title-text\">Formations sur  les missions du CSE<\/span>\n\t\t\t\t\t\t\t<\/span>\n\t\t\t\t\t\t\t\t\t\t\t<span class=\"wpr-toggle-icon wpr-ti-close\"><svg aria-hidden=\"true\" class=\"e-font-icon-svg e-fas-plus\" viewBox=\"0 0 448 512\" xmlns=\"http:\/\/www.w3.org\/2000\/svg\"><path d=\"M416 208H272V64c0-17.67-14.33-32-32-32h-32c-17.67 0-32 14.33-32 32v144H32c-17.67 0-32 14.33-32 32v32c0 17.67 14.33 32 32 32h144v144c0 17.67 14.33 32 32 32h32c17.67 0 32-14.33 32-32V304h144c17.67 0 32-14.33 32-32v-32c0-17.67-14.33-32-32-32z\"><\/path><\/svg><\/span>\n\t\t\t\t<span class=\"wpr-toggle-icon wpr-ti-open\"><svg aria-hidden=\"true\" class=\"e-font-icon-svg e-fas-minus\" viewBox=\"0 0 448 512\" xmlns=\"http:\/\/www.w3.org\/2000\/svg\"><path d=\"M416 208H32c-17.67 0-32 14.33-32 32v32c0 17.67 14.33 32 32 32h384c17.67 0 32-14.33 32-32v-32c0-17.67-14.33-32-32-32z\"><\/path><\/svg><\/span>\n\t\t\t\t\t\t\t\t\t<\/button>\n\n\t\t\t\t\t\t<div class=\"wpr-acc-panel\">\n\t\t\t\t\t\t\t\t\t\t\t\t\t\t\t<div class=\"wpr-acc-panel-content\"><table width=\"612\"><tbody><tr><td width=\"612\"><a href=\"https:\/\/psmformationconsulting.com\/?page_id=3821\">Formation Economique du CSE<\/a><\/td><\/tr><tr><td><a href=\"https:\/\/psmformationconsulting.com\/?page_id=3867\">Formation Missions \u00e9conomiques et Sociales du CSE (50+ Salari\u00e9s)<\/a><\/td><\/tr><tr><td><a href=\"https:\/\/psmformationconsulting.com\/?page_id=3879\">Formation PSSM (premiers secours en sant\u00e9 mentale)<\/a><\/td><\/tr><tr><td><a href=\"https:\/\/psmformationconsulting.com\/?page_id=3896\">Formation Construire et g\u00e9rer son document Unique (DUERP)<\/a><\/td><\/tr><tr><td><a href=\"https:\/\/psmformationconsulting.com\/?page_id=3904\">Formation Pr\u00e9vention des risques psychosociaux pour CSE<\/a><\/td><\/tr><tr><td><a href=\"https:\/\/psmformationconsulting.com\/?page_id=3914\">Formation pr\u00e9parer la consultation sur le politique sociale (50+ salari\u00e9s)<\/a><\/td><\/tr><tr><td><a href=\"https:\/\/psmformationconsulting.com\/?page_id=3922\">Formation pr\u00e9parer la consultation sur les orientations strat\u00e9giques\u00a0 (50+ salari\u00e9s)<\/a><\/td><\/tr><tr><td><a href=\"https:\/\/psmformationconsulting.com\/?page_id=3933\">Formation pr\u00e9parer la consultation sur la situation \u00e9conomique et financi\u00e8re\u00a0 (50+ salari\u00e9s)<\/a><\/td><\/tr><tr><td><a href=\"https:\/\/psmformationconsulting.com\/?page_id=3941\">Formation R\u00e9f\u00e9rent Harc\u00e8lement Moral<\/a><\/td><\/tr><tr><td><a href=\"https:\/\/psmformationconsulting.com\/?page_id=3952\">Formation CSE: Faire face \u00e0 une restructuration (50+ Salari\u00e9s)<\/a><\/td><\/tr><tr><td><a href=\"https:\/\/psmformationconsulting.com\/?page_id=3960\">Formation G\u00e9rer les activit\u00e9s sociales et culturelles du CSE (50+ salari\u00e9s)<\/a><\/td><\/tr><tr><td><a href=\"https:\/\/psmformationconsulting.com\/?page_id=3968\">Formation secr\u00e9taire du CSE<\/a><\/td><\/tr><tr><td><a href=\"https:\/\/psmformationconsulting.com\/?page_id=3976\">Formation Tr\u00e9sorier du CSE<\/a><\/td><\/tr><\/tbody><\/table><\/div>\n\t\t\t\t\t\t\t\t\t\t\t\t\t<\/div>\n                    <\/div>\n\n                            <\/div>\n        \t\t\t\t<\/div>\n\t\t\t\t<\/div>\n\t\t\t\t<\/div>\n\t\t<div class=\"elementor-element elementor-element-b29733a e-con-full e-flex wpr-particle-no wpr-jarallax-no wpr-parallax-no wpr-equal-height-no e-con e-child\" data-id=\"b29733a\" data-element_type=\"container\" data-e-type=\"container\">\n\t\t\t\t<div class=\"elementor-element elementor-element-ebb7ca5 elementor-widget elementor-widget-heading\" data-id=\"ebb7ca5\" data-element_type=\"widget\" data-e-type=\"widget\" data-widget_type=\"heading.default\">\n\t\t\t\t<div class=\"elementor-widget-container\">\n\t\t\t\t\t<h2 class=\"elementor-heading-title elementor-size-default\">Sessions de formations pour CSE<\/h2>\t\t\t\t<\/div>\n\t\t\t\t<\/div>\n\t\t\t\t<div class=\"elementor-element elementor-element-df21aea wpr-button-icon-position-left wpr-button-icon-style-inline elementor-widget elementor-widget-wpr-button\" data-id=\"df21aea\" data-element_type=\"widget\" data-e-type=\"widget\" data-widget_type=\"wpr-button.default\">\n\t\t\t\t<div class=\"elementor-widget-container\">\n\t\t\t\t\t\t\n\t\t\t\n\t\t\n\t\t<div class=\"wpr-button-wrap elementor-clearfix\">\n\t\t<a class=\"wpr-button wpr-button-effect wpr-button-none\" data-text=\"\" href=\"#link\">\n\t\t\t\n\t\t\t<span class=\"wpr-button-content\">\n\t\t\t\t\t\t\t\t\t<span class=\"wpr-button-text\">Nos sessions programm\u00e9es<\/span>\n\t\t\t\t\t\t\t\t\n\t\t\t\t\t\t\t\t\t<span class=\"wpr-button-icon\"><svg class=\"e-font-icon-svg e-far-calendar-alt\" viewBox=\"0 0 448 512\" xmlns=\"http:\/\/www.w3.org\/2000\/svg\"><path d=\"M148 288h-40c-6.6 0-12-5.4-12-12v-40c0-6.6 5.4-12 12-12h40c6.6 0 12 5.4 12 12v40c0 6.6-5.4 12-12 12zm108-12v-40c0-6.6-5.4-12-12-12h-40c-6.6 0-12 5.4-12 12v40c0 6.6 5.4 12 12 12h40c6.6 0 12-5.4 12-12zm96 0v-40c0-6.6-5.4-12-12-12h-40c-6.6 0-12 5.4-12 12v40c0 6.6 5.4 12 12 12h40c6.6 0 12-5.4 12-12zm-96 96v-40c0-6.6-5.4-12-12-12h-40c-6.6 0-12 5.4-12 12v40c0 6.6 5.4 12 12 12h40c6.6 0 12-5.4 12-12zm-96 0v-40c0-6.6-5.4-12-12-12h-40c-6.6 0-12 5.4-12 12v40c0 6.6 5.4 12 12 12h40c6.6 0 12-5.4 12-12zm192 0v-40c0-6.6-5.4-12-12-12h-40c-6.6 0-12 5.4-12 12v40c0 6.6 5.4 12 12 12h40c6.6 0 12-5.4 12-12zm96-260v352c0 26.5-21.5 48-48 48H48c-26.5 0-48-21.5-48-48V112c0-26.5 21.5-48 48-48h48V12c0-6.6 5.4-12 12-12h40c6.6 0 12 5.4 12 12v52h128V12c0-6.6 5.4-12 12-12h40c6.6 0 12 5.4 12 12v52h48c26.5 0 48 21.5 48 48zm-48 346V160H48v298c0 3.3 2.7 6 6 6h340c3.3 0 6-2.7 6-6z\"><\/path><\/svg><\/span>\n\t\t\t\t\t\t\t<\/span>\n\t\t<\/a>\n\n\t\t\t\t<\/div>\n\t\n\t\n\t\t\t\t\t<\/div>\n\t\t\t\t<\/div>\n\t\t\t\t<div class=\"elementor-element elementor-element-e58d85d wpr-promo-box-style-cover elementor-widget elementor-widget-wpr-promo-box\" data-id=\"e58d85d\" data-element_type=\"widget\" data-e-type=\"widget\" data-widget_type=\"wpr-promo-box.default\">\n\t\t\t\t<div class=\"elementor-widget-container\">\n\t\t\t\t\t\n\t\t<div class=\"wpr-promo-box wpr-animation-wrap\">\n\n\t\t\t\t\t\t\t\n\t\t\t\t\t\t\t<div class=\"wpr-promo-box-image\">\n\t\t\t\t\t<div class=\"wpr-promo-box-bg-image wpr-bg-anim-zoom-in wpr-anim-timing-ease-default\" style=\"background-image:url(https:\/\/psmformationconsulting.com\/wp-content\/plugins\/elementor\/assets\/images\/placeholder.png);\"><\/div>\n\t\t\t\t\t<div class=\"wpr-promo-box-bg-overlay wpr-border-anim-oscar\"><\/div>\n\t\t\t\t<\/div>\n\t\t\t\t\t\t\n\t\t\t<div class=\"wpr-promo-box-content\">\n\n\t\t\t\t\t\t\t\t<div class=\"wpr-promo-box-icon\">\n\t\t\t\t\t\t\t\t\t<\/div>\n\t\t\t\t\n\t\t\t\t<h3 class=\"wpr-promo-box-title\"><span>Formation Sant\u00e9 S\u00e9curit\u00e9 et Conditions de Travail (SSCT) Initiale, 300+ salari\u00e9s<\/span><\/h3>\n\t\t\t\t\n\t\t\t\t\t\t\t\t\t<div class=\"wpr-promo-box-btn-wrap\">\n\t\t\t\t\t\t<a class=\"wpr-promo-box-btn\" href=\"#\">\n\n\t\t\t\t\t\t\t\t\t\t\t\t\t\t<span class=\"wpr-promo-box-btn-text\">En savoir plus<\/span>\t\t\n\t\t\t\t\t\t\t\n\t\t\t\t\t\t\t\t\t\t\t\t\t<\/a>\n\t\t\t\t\t<\/div>\t\n\t\t\t\t\t\t\t<\/div>\n\n\t\t\t\t\t<\/div>\n\n\t\t\t\t\t\t<\/div>\n\t\t\t\t<\/div>\n\t\t\t\t<\/div>\n\t\t\t\t<\/div>\n\t\t<div class=\"elementor-element elementor-element-f09c3c2 elementor-hidden-desktop elementor-hidden-tablet elementor-hidden-mobile e-flex e-con-boxed wpr-particle-no wpr-jarallax-no wpr-parallax-no wpr-equal-height-no e-con e-parent\" data-id=\"f09c3c2\" data-element_type=\"container\" data-e-type=\"container\">\n\t\t\t\t\t<div class=\"e-con-inner\">\n\t\t\t\t<div class=\"elementor-element elementor-element-a362a91 elementor-widget elementor-widget-image\" data-id=\"a362a91\" data-element_type=\"widget\" data-e-type=\"widget\" data-widget_type=\"image.default\">\n\t\t\t\t<div class=\"elementor-widget-container\">\n\t\t\t\t\t\t\t\t\t\t\t\t\t\t\t<img fetchpriority=\"high\" decoding=\"async\" width=\"960\" height=\"476\" src=\"https:\/\/psmformationconsulting.com\/wp-content\/uploads\/2024\/06\/img-1-1024x508.jpg\" class=\"attachment-large size-large wp-image-74\" alt=\"Formation CSE CST - PSM Formation Consulting\" srcset=\"https:\/\/psmformationconsulting.com\/wp-content\/uploads\/2024\/06\/img-1-1024x508.jpg 1024w, https:\/\/psmformationconsulting.com\/wp-content\/uploads\/2024\/06\/img-1-300x149.jpg 300w, https:\/\/psmformationconsulting.com\/wp-content\/uploads\/2024\/06\/img-1-768x381.jpg 768w, https:\/\/psmformationconsulting.com\/wp-content\/uploads\/2024\/06\/img-1-1536x762.jpg 1536w, https:\/\/psmformationconsulting.com\/wp-content\/uploads\/2024\/06\/img-1-2048x1016.jpg 2048w\" sizes=\"(max-width: 960px) 100vw, 960px\" \/>\t\t\t\t\t\t\t\t\t\t\t\t\t\t\t<\/div>\n\t\t\t\t<\/div>\n\t\t\t\t\t<\/div>\n\t\t\t\t<\/div>\n\t\t\t\t<\/div>\n\t\t","protected":false},"excerpt":{"rendered":"<p>Comit\u00e9 Social et \u00c9conomique (CSE) &#8211; Comit\u00e9 de S\u00e9curit\u00e9 et des Conditions de Travail (CST) Formation CSE &amp; CST Formation CSE CST &#8211; PSM Formation Consulting Introduction aux CSE et CST Le Comit\u00e9 Social et \u00c9conomique (CSE) et le Comit\u00e9 de S\u00e9curit\u00e9 et des Conditions de Travail (CST) jouent des r\u00f4les essentiels au sein des entreprises. Le CSE est une instance de repr\u00e9sentation du personnel ayant pour but de garantir le dialogue social et la d\u00e9fense des int\u00e9r\u00eats des salari\u00e9s. Quant au CST, il se concentre plus particuli\u00e8rement sur les questions de sant\u00e9 et de s\u00e9curit\u00e9 au travail. Chez PSM Formation Consulting, nous proposons des formations compl\u00e8tes et certifi\u00e9es pour permettre aux membres de ces comit\u00e9s de remplir efficacement leurs missions. Toutes nos formations CSE : Formations obligatoires Formation Sant\u00e9 S\u00e9curit\u00e9 et Conditions de Travail (SSCT) Initiale, 300+ salari\u00e9s Formation Sant\u00e9 S\u00e9curit\u00e9 et Conditions de Travail (SSCT) Initiale, 50 \u00e0 299 salari\u00e9s Formation Sant\u00e9 S\u00e9curit\u00e9 et Conditions de Travail (SSCT) Initiale, 11 \u00e0 49 salari\u00e9s Formation Comission SSCT Renouvellement, 300+ Salari\u00e9s Formation Sant\u00e9 S\u00e9curit\u00e9 et conditions de travail (SSCT) Renouvellement, 11 \u00e0 299 Salari\u00e9s Formation R\u00e9f\u00e9rent Harc\u00e8lement sexuel et agissements sexistes\u00a0 Formation Sant\u00e9 S\u00e9curit\u00e9 et Conditions de Travail pour \u00e9lus du CST (Collectivit\u00e9s territoriales) Formations sur les missions du CSE Formation Economique du CSE Formation Missions \u00e9conomiques et Sociales du CSE (50+ Salari\u00e9s) Formation PSSM (premiers secours en sant\u00e9 mentale) Formation Construire et g\u00e9rer son document Unique (DUERP) Formation Pr\u00e9vention des risques psychosociaux pour CSE Formation pr\u00e9parer la consultation sur le politique sociale (50+ salari\u00e9s) Formation pr\u00e9parer la consultation sur les orientations strat\u00e9giques\u00a0 (50+ salari\u00e9s) Formation pr\u00e9parer la consultation sur la situation \u00e9conomique et financi\u00e8re\u00a0 (50+ salari\u00e9s) Formation R\u00e9f\u00e9rent Harc\u00e8lement Moral Formation CSE: Faire face \u00e0 une restructuration (50+ Salari\u00e9s) Formation G\u00e9rer les activit\u00e9s sociales et culturelles du CSE (50+ salari\u00e9s) Formation secr\u00e9taire du CSE Formation Tr\u00e9sorier du CSE Sessions de formations pour CSE Nos sessions programm\u00e9es Formation Sant\u00e9 S\u00e9curit\u00e9 et Conditions de Travail (SSCT) Initiale, 300+ salari\u00e9s En savoir plus<\/p>\n","protected":false},"author":1,"featured_media":0,"parent":0,"menu_order":0,"comment_status":"closed","ping_status":"closed","template":"elementor_canvas","meta":{"footnotes":""},"class_list":["post-17","page","type-page","status-publish","hentry"],"_links":{"self":[{"href":"https:\/\/psmformationconsulting.com\/index.php?rest_route=\/wp\/v2\/pages\/17","targetHints":{"allow":["GET"]}}],"collection":[{"href":"https:\/\/psmformationconsulting.com\/index.php?rest_route=\/wp\/v2\/pages"}],"about":[{"href":"https:\/\/psmformationconsulting.com\/index.php?rest_route=\/wp\/v2\/types\/page"}],"author":[{"embeddable":true,"href":"https:\/\/psmformationconsulting.com\/index.php?rest_route=\/wp\/v2\/users\/1"}],"replies":[{"embeddable":true,"href":"https:\/\/psmformationconsulting.com\/index.php?rest_route=%2Fwp%2Fv2%2Fcomments&post=17"}],"version-history":[{"count":129,"href":"https:\/\/psmformationconsulting.com\/index.php?rest_route=\/wp\/v2\/pages\/17\/revisions"}],"predecessor-version":[{"id":5265,"href":"https:\/\/psmformationconsulting.com\/index.php?rest_route=\/wp\/v2\/pages\/17\/revisions\/5265"}],"wp:attachment":[{"href":"https:\/\/psmformationconsulting.com\/index.php?rest_route=%2Fwp%2Fv2%2Fmedia&parent=17"}],"curies":[{"name":"wp","href":"https:\/\/api.w.org\/{rel}","templated":true}]}}