{"id":31,"date":"2024-06-06T11:44:40","date_gmt":"2024-06-06T11:44:40","guid":{"rendered":"https:\/\/demosites.royal-elementor-addons.com\/business-consulting-v2\/?page_id=31"},"modified":"2024-10-18T18:17:20","modified_gmt":"2024-10-18T16:17:20","slug":"mentions-legales","status":"publish","type":"page","link":"https:\/\/psmformationconsulting.com\/?page_id=31","title":{"rendered":"Mentions l\u00e9gales"},"content":{"rendered":"\t\t<div data-elementor-type=\"wp-page\" data-elementor-id=\"31\" class=\"elementor elementor-31\">\n\t\t\t\t<div class=\"elementor-element elementor-element-2a48b99 e-flex e-con-boxed wpr-particle-no wpr-jarallax-no wpr-parallax-no wpr-equal-height-no e-con e-parent\" data-id=\"2a48b99\" data-element_type=\"container\" data-e-type=\"container\" data-settings=\"{&quot;background_background&quot;:&quot;classic&quot;}\">\n\t\t\t\t\t<div class=\"e-con-inner\">\n\t\t\t\t<div class=\"elementor-element elementor-element-37a5a9f elementor-invisible elementor-widget elementor-widget-heading\" data-id=\"37a5a9f\" data-element_type=\"widget\" data-e-type=\"widget\" data-settings=\"{&quot;_animation&quot;:&quot;fadeIn&quot;}\" data-widget_type=\"heading.default\">\n\t\t\t\t<div class=\"elementor-widget-container\">\n\t\t\t\t\t<h1 class=\"elementor-heading-title elementor-size-default\">Mentions l\u00e9gales<\/h1>\t\t\t\t<\/div>\n\t\t\t\t<\/div>\n\t\t\t\t\t<\/div>\n\t\t\t\t<\/div>\n\t\t<div class=\"elementor-element elementor-element-1e6827b e-flex e-con-boxed wpr-particle-no wpr-jarallax-no wpr-parallax-no wpr-equal-height-no elementor-invisible e-con e-parent\" data-id=\"1e6827b\" data-element_type=\"container\" data-e-type=\"container\" data-settings=\"{&quot;animation&quot;:&quot;slideInDown&quot;}\">\n\t\t\t\t\t<div class=\"e-con-inner\">\n\t\t<div class=\"elementor-element elementor-element-bf2a97e e-flex e-con-boxed wpr-particle-no wpr-jarallax-no wpr-parallax-no wpr-equal-height-no e-con e-child\" data-id=\"bf2a97e\" data-element_type=\"container\" data-e-type=\"container\">\n\t\t\t\t\t<div class=\"e-con-inner\">\n\t\t\t\t<div class=\"elementor-element elementor-element-2561d1c elementor-widget elementor-widget-heading\" data-id=\"2561d1c\" data-element_type=\"widget\" data-e-type=\"widget\" data-widget_type=\"heading.default\">\n\t\t\t\t<div class=\"elementor-widget-container\">\n\t\t\t\t\t<h2 class=\"elementor-heading-title elementor-size-default\">Nos mentions l\u00e9gales<\/h2>\t\t\t\t<\/div>\n\t\t\t\t<\/div>\n\t\t\t\t<div class=\"elementor-element elementor-element-1f8472e elementor-widget elementor-widget-text-editor\" data-id=\"1f8472e\" data-element_type=\"widget\" data-e-type=\"widget\" data-widget_type=\"text-editor.default\">\n\t\t\t\t<div class=\"elementor-widget-container\">\n\t\t\t\t\t\t\t\t\t<p><strong>\u00c9diteur du site :<\/strong><br \/>PSM Formation Consulting<br \/>Forme juridique : Organisme de formation<br \/>Si\u00e8ge social :\u00a0<a class=\"Lien secondaire\" href=\"https:\/\/www.societe.com\/entreprises\/210_rue%20hector%20despret\/59460_JEUMONT.html\" target=\"_blank\" rel=\"noopener\">210 RUE HECTOR DESPRET 59460 JEUMONT<\/a><br \/>Num\u00e9ro SIRET : 92977112900012<br \/>Num\u00e9ro RCS : 929 771 129 R.C.S. Valenciennes\u00a0<br \/>Num\u00e9ro de TVA intracommunautaire : FR23929771129<br \/>Contact : milheu.nelson@hotmail.fr<\/p><p><strong>H\u00e9bergement :<\/strong><br \/>H\u00e9bergeur : OVH<br \/>Adresse : <a tabindex=\"0\" href=\"https:\/\/www.google.com\/maps\/place\/\/data=!4m2!3m1!1s0x47c329321f8efbd5:0xb9abd6815a1c6e06?sa=X&amp;ved=1t:8290&amp;ictx=111\" data-url=\"\/maps\/place\/\/data=!4m2!3m1!1s0x47c329321f8efbd5:0xb9abd6815a1c6e06?sa=X&amp;ved=2ahUKEwiA0a7ih72IAxW1BfsDHbJGKI8Q4kB6BAgEEAA\" target=\"_blank\" rel=\"noopener\">2 Rue Kellermann, 59100 Roubaix<\/a><br \/>Contact :<a href=\"https:\/\/www.google.com\/search?q=ADRESSE+OVH&amp;oq=ADRESSE+OVH&amp;gs_lcrp=EgZjaHJvbWUyCQgAEEUYORiABDIHCAEQABiABDIHCAIQABiABDIHCAMQABiABDIHCAQQABiABDIICAUQABgWGB4yCAgGEAAYFhgeMggIBxAAGBYYHjIICAgQABgWGB4yCAgJEAAYFhge0gEIMzEwOGowajSoAgCwAgE&amp;sourceid=chrome&amp;ie=UTF-8#\" data-dtype=\"d3ph\" data-local-attribute=\"d3ph\" data-ved=\"2ahUKEwiA0a7ih72IAxW1BfsDHbJGKI8QkAgoAHoECD0QAw\" target=\"_blank\" rel=\"noopener\"><span aria-label=\"Appeler le 09 72 10 10 07\">09 72 10 10 07<\/span><\/a>\u00a0<\/p><p><strong>Propri\u00e9t\u00e9 intellectuelle :<\/strong><br \/>L\u2019ensemble des contenus du site (textes, images, logos, etc.) sont prot\u00e9g\u00e9s par le droit d\u2019auteur. Toute reproduction ou utilisation des contenus est interdite sans autorisation pr\u00e9alable.<\/p><p><strong>Donn\u00e9es personnelles et cookies :<\/strong><br \/>Ce site respecte la r\u00e9glementation en mati\u00e8re de protection des donn\u00e9es personnelles. Pour plus d&rsquo;informations, consultez notre Politique de confidentialit\u00e9.<br \/>L&rsquo;utilisation des cookies est expliqu\u00e9e dans notre Politique de cookies.<\/p><p><strong>Responsabilit\u00e9 :<\/strong><br \/>L\u2019\u00e9diteur du site ne peut \u00eatre tenu responsable des erreurs ou omissions dans le contenu fourni, ou des dysfonctionnements du site.<\/p><p><strong>M\u00e9diation :<\/strong><br \/>En cas de litige, le consommateur peut recourir gratuitement \u00e0 un m\u00e9diateur de la consommation agr\u00e9\u00e9.<\/p>\t\t\t\t\t\t\t\t<\/div>\n\t\t\t\t<\/div>\n\t\t\t\t\t<\/div>\n\t\t\t\t<\/div>\n\t\t\t\t\t<\/div>\n\t\t\t\t<\/div>\n\t\t\t\t<\/div>\n\t\t","protected":false},"excerpt":{"rendered":"<p>Mentions l\u00e9gales Nos mentions l\u00e9gales \u00c9diteur du site :PSM Formation ConsultingForme juridique : Organisme de formationSi\u00e8ge social :\u00a0210 RUE HECTOR DESPRET 59460 JEUMONTNum\u00e9ro SIRET : 92977112900012Num\u00e9ro RCS : 929 771 129 R.C.S. Valenciennes\u00a0Num\u00e9ro de TVA intracommunautaire : FR23929771129Contact : milheu.nelson@hotmail.fr H\u00e9bergement :H\u00e9bergeur : OVHAdresse : 2 Rue Kellermann, 59100 RoubaixContact :09 72 10 10 07\u00a0 Propri\u00e9t\u00e9 intellectuelle :L\u2019ensemble des contenus du site (textes, images, logos, etc.) sont prot\u00e9g\u00e9s par le droit d\u2019auteur. Toute reproduction ou utilisation des contenus est interdite sans autorisation pr\u00e9alable. Donn\u00e9es personnelles et cookies :Ce site respecte la r\u00e9glementation en mati\u00e8re de protection des donn\u00e9es personnelles. Pour plus d&rsquo;informations, consultez notre Politique de confidentialit\u00e9.L&rsquo;utilisation des cookies est expliqu\u00e9e dans notre Politique de cookies. Responsabilit\u00e9 :L\u2019\u00e9diteur du site ne peut \u00eatre tenu responsable des erreurs ou omissions dans le contenu fourni, ou des dysfonctionnements du site. M\u00e9diation :En cas de litige, le consommateur peut recourir gratuitement \u00e0 un m\u00e9diateur de la consommation agr\u00e9\u00e9.<\/p>\n","protected":false},"author":1,"featured_media":0,"parent":0,"menu_order":0,"comment_status":"closed","ping_status":"closed","template":"elementor_canvas","meta":{"footnotes":""},"class_list":["post-31","page","type-page","status-publish","hentry"],"_links":{"self":[{"href":"https:\/\/psmformationconsulting.com\/index.php?rest_route=\/wp\/v2\/pages\/31","targetHints":{"allow":["GET"]}}],"collection":[{"href":"https:\/\/psmformationconsulting.com\/index.php?rest_route=\/wp\/v2\/pages"}],"about":[{"href":"https:\/\/psmformationconsulting.com\/index.php?rest_route=\/wp\/v2\/types\/page"}],"author":[{"embeddable":true,"href":"https:\/\/psmformationconsulting.com\/index.php?rest_route=\/wp\/v2\/users\/1"}],"replies":[{"embeddable":true,"href":"https:\/\/psmformationconsulting.com\/index.php?rest_route=%2Fwp%2Fv2%2Fcomments&post=31"}],"version-history":[{"count":21,"href":"https:\/\/psmformationconsulting.com\/index.php?rest_route=\/wp\/v2\/pages\/31\/revisions"}],"predecessor-version":[{"id":3686,"href":"https:\/\/psmformationconsulting.com\/index.php?rest_route=\/wp\/v2\/pages\/31\/revisions\/3686"}],"wp:attachment":[{"href":"https:\/\/psmformationconsulting.com\/index.php?rest_route=%2Fwp%2Fv2%2Fmedia&parent=31"}],"curies":[{"name":"wp","href":"https:\/\/api.w.org\/{rel}","templated":true}]}}