{"id":3197,"date":"2024-10-08T11:20:34","date_gmt":"2024-10-08T09:20:34","guid":{"rendered":"https:\/\/psmformationconsulting.com\/?page_id=3197"},"modified":"2026-03-15T06:45:50","modified_gmt":"2026-03-15T05:45:50","slug":"formations-accompagnement-des-seniors","status":"publish","type":"page","link":"https:\/\/psmformationconsulting.com\/?page_id=3197","title":{"rendered":"Accompagnement s\u00e9nior"},"content":{"rendered":"\t\t<div data-elementor-type=\"wp-page\" data-elementor-id=\"3197\" class=\"elementor elementor-3197\">\n\t\t\t\t<div class=\"elementor-element elementor-element-808204f e-flex e-con-boxed wpr-particle-no wpr-jarallax-no wpr-parallax-no wpr-equal-height-no e-con e-parent\" data-id=\"808204f\" data-element_type=\"container\" data-e-type=\"container\" data-settings=\"{&quot;background_background&quot;:&quot;classic&quot;}\">\n\t\t\t\t\t<div class=\"e-con-inner\">\n\t\t\t\t<div class=\"elementor-element elementor-element-3b2d8bf elementor-invisible elementor-widget elementor-widget-heading\" data-id=\"3b2d8bf\" data-element_type=\"widget\" data-e-type=\"widget\" data-settings=\"{&quot;_animation&quot;:&quot;fadeIn&quot;}\" data-widget_type=\"heading.default\">\n\t\t\t\t<div class=\"elementor-widget-container\">\n\t\t\t\t\t<h1 class=\"elementor-heading-title elementor-size-default\">Formations accompagnement des s\u00e9niors<\/h1>\t\t\t\t<\/div>\n\t\t\t\t<\/div>\n\t\t\t\t<div class=\"elementor-element elementor-element-73636a8 elementor-hidden-desktop elementor-hidden-tablet elementor-hidden-mobile elementor-invisible elementor-widget elementor-widget-heading\" data-id=\"73636a8\" data-element_type=\"widget\" data-e-type=\"widget\" data-settings=\"{&quot;_animation&quot;:&quot;fadeIn&quot;}\" data-widget_type=\"heading.default\">\n\t\t\t\t<div class=\"elementor-widget-container\">\n\t\t\t\t\t<h2 class=\"elementor-heading-title elementor-size-default\">Formations accompagnement des s\u00e9niors<\/h2>\t\t\t\t<\/div>\n\t\t\t\t<\/div>\n\t\t\t\t<div class=\"elementor-element elementor-element-921f78d elementor-widget elementor-widget-text-editor\" data-id=\"921f78d\" data-element_type=\"widget\" data-e-type=\"widget\" data-widget_type=\"text-editor.default\">\n\t\t\t\t<div class=\"elementor-widget-container\">\n\t\t\t\t\t\t\t\t\t<p class=\"h3\">Formation prise en charge de la personne \u00e2g\u00e9e : Am\u00e9liorer l&rsquo;accompagnement et les soins aux seniors<\/p>\t\t\t\t\t\t\t\t<\/div>\n\t\t\t\t<\/div>\n\t\t\t\t\t<\/div>\n\t\t\t\t<\/div>\n\t\t<div class=\"elementor-element elementor-element-9f197e8 e-con-full e-flex wpr-particle-no wpr-jarallax-no wpr-parallax-no wpr-equal-height-no e-con e-parent\" data-id=\"9f197e8\" data-element_type=\"container\" data-e-type=\"container\">\n\t\t<div class=\"elementor-element elementor-element-4fd9bb3 e-con-full e-flex wpr-particle-no wpr-jarallax-no wpr-parallax-no wpr-equal-height-no e-con e-child\" data-id=\"4fd9bb3\" data-element_type=\"container\" data-e-type=\"container\">\n\t\t\t\t<div class=\"elementor-element elementor-element-2fc4edf elementor-widget elementor-widget-heading\" data-id=\"2fc4edf\" data-element_type=\"widget\" data-e-type=\"widget\" data-widget_type=\"heading.default\">\n\t\t\t\t<div class=\"elementor-widget-container\">\n\t\t\t\t\t<h2 class=\"elementor-heading-title elementor-size-default\">Toutes nos formations en accompagnement des s\u00e9niors<\/h2>\t\t\t\t<\/div>\n\t\t\t\t<\/div>\n\t\t\t\t<div class=\"elementor-element elementor-element-a4ab0f8 wpr-advanced-accordion-icon-side-box elementor-widget elementor-widget-wpr-advanced-accordion\" data-id=\"a4ab0f8\" data-element_type=\"widget\" data-e-type=\"widget\" data-settings=\"{&quot;active_item&quot;:1}\" data-widget_type=\"wpr-advanced-accordion.default\">\n\t\t\t\t<div class=\"elementor-widget-container\">\n\t\t\t\t\t\n            <div class=\"wpr-advanced-accordion\" data-accordion-type=\"accordion\" data-active-index=\"1\" data-accordion-trigger=\"click\" data-interaction-speed=\"0.4\">\n\n\t\t\t\n                \n\t\t\t\t\t<div class=\"wpr-accordion-item-wrap\">\n\t\t\t\t\t\t<button class=\"wpr-acc-button\">\n\t\t\t\t\t\t\t<span class=\"wpr-acc-item-title\">\n\t\t\t\t\t\t\t\t\t\t\t\t\t\t\t\t\t<div class=\"wpr-acc-icon-box\">\n\t\t\t\t\t\t\t\t\t\t\t\t\t\t<span class=\"wpr-title-icon\">\n\t\t\t\t\t<i aria-hidden=\"true\" class=\"fas fa-layer-group\"><\/i>\t\t\t\t<\/span>\n\t\t\t\t\t\t\t\t\t\t\t\t<\/div>\n\t\t\t\t\t\t\t\t\n\t\t\t\t\t\t\t\t<span class=\"wpr-acc-title-text\">Informations et transcription<\/span>\n\t\t\t\t\t\t\t<\/span>\n\t\t\t\t\t\t\t\t\t\t\t<span class=\"wpr-toggle-icon wpr-ti-close\"><svg aria-hidden=\"true\" class=\"e-font-icon-svg e-fas-plus\" viewBox=\"0 0 448 512\" xmlns=\"http:\/\/www.w3.org\/2000\/svg\"><path d=\"M416 208H272V64c0-17.67-14.33-32-32-32h-32c-17.67 0-32 14.33-32 32v144H32c-17.67 0-32 14.33-32 32v32c0 17.67 14.33 32 32 32h144v144c0 17.67 14.33 32 32 32h32c17.67 0 32-14.33 32-32V304h144c17.67 0 32-14.33 32-32v-32c0-17.67-14.33-32-32-32z\"><\/path><\/svg><\/span>\n\t\t\t\t<span class=\"wpr-toggle-icon wpr-ti-open\"><svg aria-hidden=\"true\" class=\"e-font-icon-svg e-fas-minus\" viewBox=\"0 0 448 512\" xmlns=\"http:\/\/www.w3.org\/2000\/svg\"><path d=\"M416 208H32c-17.67 0-32 14.33-32 32v32c0 17.67 14.33 32 32 32h384c17.67 0 32-14.33 32-32v-32c0-17.67-14.33-32-32-32z\"><\/path><\/svg><\/span>\n\t\t\t\t\t\t\t\t\t<\/button>\n\n\t\t\t\t\t\t<div class=\"wpr-acc-panel\">\n\t\t\t\t\t\t\t\t\t\t\t\t\t\t\t<div class=\"wpr-acc-panel-content\"><p>\u00a0<\/p><table style=\"border-collapse: collapse; width: 532pt;\" width=\"709\"><tbody><tr style=\"height: 19.5pt;\"><td style=\"width: 532pt; height: 19.5pt;\" width=\"709\" height=\"26\">Formation importance des transmissions cibl\u00e9es<\/td><\/tr><tr style=\"height: 19.5pt;\"><td style=\"height: 19.5pt;\" height=\"26\">Formation D\u00e9velopper son projet de soin<\/td><\/tr><tr style=\"height: 30.75pt;\"><td style=\"height: 30.75pt;\" height=\"41\">Formation r\u00e9aliser un projet personnalis\u00e9 de soins<\/td><\/tr><tr style=\"height: 19.5pt;\"><td style=\"height: 19.5pt;\" height=\"26\">Formation r\u00e9aliser un projet de vie individualis\u00e9<\/td><\/tr><\/tbody><\/table><\/div>\n\t\t\t\t\t\t\t\t\t\t\t\t\t<\/div>\n                    <\/div>\n\n                \n\t\t\t\t\t<div class=\"wpr-accordion-item-wrap\">\n\t\t\t\t\t\t<button class=\"wpr-acc-button\">\n\t\t\t\t\t\t\t<span class=\"wpr-acc-item-title\">\n\t\t\t\t\t\t\t\t\t\t\t\t\t\t\t\t\t<div class=\"wpr-acc-icon-box\">\n\t\t\t\t\t\t\t\t\t\t\t\t\t\t<span class=\"wpr-title-icon\">\n\t\t\t\t\t<i aria-hidden=\"true\" class=\"far fa-edit\"><\/i>\t\t\t\t<\/span>\n\t\t\t\t\t\t\t\t\t\t\t\t<\/div>\n\t\t\t\t\t\t\t\t\n\t\t\t\t\t\t\t\t<span class=\"wpr-acc-title-text\">Accompagnement psychologique<\/span>\n\t\t\t\t\t\t\t<\/span>\n\t\t\t\t\t\t\t\t\t\t\t<span class=\"wpr-toggle-icon wpr-ti-close\"><svg aria-hidden=\"true\" class=\"e-font-icon-svg e-fas-plus\" viewBox=\"0 0 448 512\" xmlns=\"http:\/\/www.w3.org\/2000\/svg\"><path d=\"M416 208H272V64c0-17.67-14.33-32-32-32h-32c-17.67 0-32 14.33-32 32v144H32c-17.67 0-32 14.33-32 32v32c0 17.67 14.33 32 32 32h144v144c0 17.67 14.33 32 32 32h32c17.67 0 32-14.33 32-32V304h144c17.67 0 32-14.33 32-32v-32c0-17.67-14.33-32-32-32z\"><\/path><\/svg><\/span>\n\t\t\t\t<span class=\"wpr-toggle-icon wpr-ti-open\"><svg aria-hidden=\"true\" class=\"e-font-icon-svg e-fas-minus\" viewBox=\"0 0 448 512\" xmlns=\"http:\/\/www.w3.org\/2000\/svg\"><path d=\"M416 208H32c-17.67 0-32 14.33-32 32v32c0 17.67 14.33 32 32 32h384c17.67 0 32-14.33 32-32v-32c0-17.67-14.33-32-32-32z\"><\/path><\/svg><\/span>\n\t\t\t\t\t\t\t\t\t<\/button>\n\n\t\t\t\t\t\t<div class=\"wpr-acc-panel\">\n\t\t\t\t\t\t\t\t\t\t\t\t\t\t\t<div class=\"wpr-acc-panel-content\"><table width=\"709\"><tbody><tr><td width=\"709\">Formation Accompagnement fin de vie sujet Alzheimer<\/td><\/tr><tr><td>Formation faire face \u00e0 la violence et de l'agressivit\u00e9 de la personne \u00e2g\u00e9e<\/td><\/tr><tr><td>Formation prise en charge d'une personne avec la maladie d'Alzheimer<\/td><\/tr><tr><td><a href=\"https:\/\/psmformationconsulting.com\/?page_id=4759\">Formation Prendre en charge un personne malade d'Alzheimer et troubles apparent\u00e9s<\/a><\/td><\/tr><tr><td><a href=\"https:\/\/psmformationconsulting.com\/?page_id=5205\">Formation comprendre et maitriser la d\u00e9marche snoezelen<\/a><\/td><\/tr><tr><td>Formation r\u00e9aliser des soins adapt\u00e9s aux personnes atteintes de d\u00e9mence<\/td><\/tr><tr><td>Formation accompagner les \u00e9tats d\u00e9pressifs<\/td><\/tr><tr><td><a href=\"https:\/\/psmformationconsulting.com\/?page_id=4874\">Formation accueillir et accompagner la personnes souffrant de pathologies psychiatriques<\/a><\/td><\/tr><tr><td><a href=\"https:\/\/psmformationconsulting.com\/?page_id=5075\">Formation accompagner des troubles du comportement dans la maladie d'Alzheimer et troubles apparent\u00e9s\u00a0<\/a><\/td><\/tr><\/tbody><\/table><\/div>\n\t\t\t\t\t\t\t\t\t\t\t\t\t<\/div>\n                    <\/div>\n\n                \n\t\t\t\t\t<div class=\"wpr-accordion-item-wrap\">\n\t\t\t\t\t\t<button class=\"wpr-acc-button\">\n\t\t\t\t\t\t\t<span class=\"wpr-acc-item-title\">\n\t\t\t\t\t\t\t\t\t\t\t\t\t\t\t\t\t<div class=\"wpr-acc-icon-box\">\n\t\t\t\t\t\t\t\t\t\t\t\t\t\t<span class=\"wpr-title-icon\">\n\t\t\t\t\t<i aria-hidden=\"true\" class=\"far fa-edit\"><\/i>\t\t\t\t<\/span>\n\t\t\t\t\t\t\t\t\t\t\t\t<\/div>\n\t\t\t\t\t\t\t\t\n\t\t\t\t\t\t\t\t<span class=\"wpr-acc-title-text\">Accompagner au quotidien<\/span>\n\t\t\t\t\t\t\t<\/span>\n\t\t\t\t\t\t\t\t\t\t\t<span class=\"wpr-toggle-icon wpr-ti-close\"><svg aria-hidden=\"true\" class=\"e-font-icon-svg e-fas-plus\" viewBox=\"0 0 448 512\" xmlns=\"http:\/\/www.w3.org\/2000\/svg\"><path d=\"M416 208H272V64c0-17.67-14.33-32-32-32h-32c-17.67 0-32 14.33-32 32v144H32c-17.67 0-32 14.33-32 32v32c0 17.67 14.33 32 32 32h144v144c0 17.67 14.33 32 32 32h32c17.67 0 32-14.33 32-32V304h144c17.67 0 32-14.33 32-32v-32c0-17.67-14.33-32-32-32z\"><\/path><\/svg><\/span>\n\t\t\t\t<span class=\"wpr-toggle-icon wpr-ti-open\"><svg aria-hidden=\"true\" class=\"e-font-icon-svg e-fas-minus\" viewBox=\"0 0 448 512\" xmlns=\"http:\/\/www.w3.org\/2000\/svg\"><path d=\"M416 208H32c-17.67 0-32 14.33-32 32v32c0 17.67 14.33 32 32 32h384c17.67 0 32-14.33 32-32v-32c0-17.67-14.33-32-32-32z\"><\/path><\/svg><\/span>\n\t\t\t\t\t\t\t\t\t<\/button>\n\n\t\t\t\t\t\t<div class=\"wpr-acc-panel\">\n\t\t\t\t\t\t\t\t\t\t\t\t\t\t\t<div class=\"wpr-acc-panel-content\"><table width=\"709\"><tbody><tr><td width=\"709\">Formation Les soins d'hygi\u00e8ne<\/td><\/tr><tr><td><a href=\"https:\/\/psmformationconsulting.com\/?page_id=5086\">Formation savoir pratiquer des soins de bien \u00eatre<\/a>\u00a0<\/td><\/tr><tr><td>Formation Bientraitance\/ maltraitance<\/td><\/tr><tr><td>Formation R\u00e9f\u00e9rent Bientraitance<\/td><\/tr><tr><td><a href=\"https:\/\/psmformationconsulting.com\/?page_id=4813\">Formation Accompagnement fin de vie\u00a0<\/a><\/td><\/tr><tr><td>Formation Pr\u00e9vention des chutes<\/td><\/tr><tr><td><a href=\"https:\/\/psmformationconsulting.com\/?page_id=5169\">Formation pr\u00e9vention des escarres<\/a><\/td><\/tr><tr><td>Formation manutention de la personne \u00e2g\u00e9e<\/td><\/tr><tr><td><a href=\"https:\/\/psmformationconsulting.com\/?page_id=5183\">Formation am\u00e9liorer l'\u00e9valuation et la prise en charge de la douleur<\/a><\/td><\/tr><tr><td><a href=\"https:\/\/psmformationconsulting.com\/?page_id=5057\">Formation accompagner la personne \u00e2g\u00e9e atteinte de troubles de la d\u00e9glutition<\/a><\/td><\/tr><tr><td><a href=\"https:\/\/psmformationconsulting.com\/?page_id=5216\">Formation Pr\u00e9venir le risque d'isolement chez la personnes \u00e2g\u00e9<\/a><\/td><\/tr><tr><td>Formation mise en place d'animation pour personnes \u00e2g\u00e9es d\u00e9pendantes<\/td><\/tr><tr><td>Formation utiliser le toucher th\u00e9rapeutique\u00a0<\/td><\/tr><tr><td>Formation mettre en place des activit\u00e9s de stimulations cognitives<\/td><\/tr><tr><td>Formation pr\u00e9venir et accompagner la d\u00e9nutrition<\/td><\/tr><\/tbody><\/table><\/div>\n\t\t\t\t\t\t\t\t\t\t\t\t\t<\/div>\n                    <\/div>\n\n                \n\t\t\t\t\t<div class=\"wpr-accordion-item-wrap\">\n\t\t\t\t\t\t<button class=\"wpr-acc-button\">\n\t\t\t\t\t\t\t<span class=\"wpr-acc-item-title\">\n\t\t\t\t\t\t\t\t\t\t\t\t\t\t\t\t\t<div class=\"wpr-acc-icon-box\">\n\t\t\t\t\t\t\t\t\t\t\t\t\t\t<span class=\"wpr-title-icon\">\n\t\t\t\t\t<i aria-hidden=\"true\" class=\"far fa-edit\"><\/i>\t\t\t\t<\/span>\n\t\t\t\t\t\t\t\t\t\t\t\t<\/div>\n\t\t\t\t\t\t\t\t\n\t\t\t\t\t\t\t\t<span class=\"wpr-acc-title-text\">Prise en charge \u00e0 domicile<\/span>\n\t\t\t\t\t\t\t<\/span>\n\t\t\t\t\t\t\t\t\t\t\t<span class=\"wpr-toggle-icon wpr-ti-close\"><svg aria-hidden=\"true\" class=\"e-font-icon-svg e-fas-plus\" viewBox=\"0 0 448 512\" xmlns=\"http:\/\/www.w3.org\/2000\/svg\"><path d=\"M416 208H272V64c0-17.67-14.33-32-32-32h-32c-17.67 0-32 14.33-32 32v144H32c-17.67 0-32 14.33-32 32v32c0 17.67 14.33 32 32 32h144v144c0 17.67 14.33 32 32 32h32c17.67 0 32-14.33 32-32V304h144c17.67 0 32-14.33 32-32v-32c0-17.67-14.33-32-32-32z\"><\/path><\/svg><\/span>\n\t\t\t\t<span class=\"wpr-toggle-icon wpr-ti-open\"><svg aria-hidden=\"true\" class=\"e-font-icon-svg e-fas-minus\" viewBox=\"0 0 448 512\" xmlns=\"http:\/\/www.w3.org\/2000\/svg\"><path d=\"M416 208H32c-17.67 0-32 14.33-32 32v32c0 17.67 14.33 32 32 32h384c17.67 0 32-14.33 32-32v-32c0-17.67-14.33-32-32-32z\"><\/path><\/svg><\/span>\n\t\t\t\t\t\t\t\t\t<\/button>\n\n\t\t\t\t\t\t<div class=\"wpr-acc-panel\">\n\t\t\t\t\t\t\t\t\t\t\t\t\t\t\t<div class=\"wpr-acc-panel-content\"><table width=\"709\"><tbody><tr><td width=\"709\">Formation prise en charge de la personne \u00e2g\u00e9e \u00e0 domicile<\/td><\/tr><tr><td>Formation maitriser les r\u00e8gles d'hygi\u00e8ne et de s\u00e9curit\u00e9 \u00e0 domicile<\/td><\/tr><tr><td>Formation g\u00e9rer Les risques infectieux \u00e0 domicile<\/td><\/tr><tr><td>Formation Bientraitance \u00e0 domicile<\/td><\/tr><tr><td>Formation g\u00e9rer les b\u00e9n\u00e9ficiaires pr\u00e9sentant des conduites addictives<\/td><\/tr><tr><td>Formation accompagner la fin de vie \u00e0 domicile<\/td><\/tr><tr><td>Formation maitriser la relation et la communication avec le b\u00e9n\u00e9ficiaire et ses proches<\/td><\/tr><tr><td>Formation pr\u00e9venir les chiffres \u00e0 domicile<\/td><\/tr><tr><td>Formation prise en charge\u00a0 de la douleur \u00e0 domicile<\/td><\/tr><\/tbody><\/table><\/div>\n\t\t\t\t\t\t\t\t\t\t\t\t\t<\/div>\n                    <\/div>\n\n                            <\/div>\n        \t\t\t\t<\/div>\n\t\t\t\t<\/div>\n\t\t\t\t<\/div>\n\t\t<div class=\"elementor-element elementor-element-09ce150 e-con-full e-flex wpr-particle-no wpr-jarallax-no wpr-parallax-no wpr-equal-height-no e-con e-child\" data-id=\"09ce150\" data-element_type=\"container\" data-e-type=\"container\">\n\t\t\t\t<div class=\"elementor-element elementor-element-ac215a0 elementor-widget elementor-widget-heading\" data-id=\"ac215a0\" data-element_type=\"widget\" data-e-type=\"widget\" data-widget_type=\"heading.default\">\n\t\t\t\t<div class=\"elementor-widget-container\">\n\t\t\t\t\t<h2 class=\"elementor-heading-title elementor-size-default\">Accompagnement des s\u00e9niors<\/h2>\t\t\t\t<\/div>\n\t\t\t\t<\/div>\n\t\t\t\t<div class=\"elementor-element elementor-element-e889249 wpr-button-icon-position-left wpr-button-icon-style-inline elementor-widget elementor-widget-wpr-button\" data-id=\"e889249\" data-element_type=\"widget\" data-e-type=\"widget\" data-widget_type=\"wpr-button.default\">\n\t\t\t\t<div class=\"elementor-widget-container\">\n\t\t\t\t\t\t\n\t\t\t\n\t\t\n\t\t<div class=\"wpr-button-wrap elementor-clearfix\">\n\t\t<a class=\"wpr-button wpr-button-effect wpr-button-none\" data-text=\"\" href=\"#link\">\n\t\t\t\n\t\t\t<span class=\"wpr-button-content\">\n\t\t\t\t\t\t\t\t\t<span class=\"wpr-button-text\">Nos sessions programm\u00e9es<\/span>\n\t\t\t\t\t\t\t\t\n\t\t\t\t\t\t\t\t\t<span class=\"wpr-button-icon\"><svg class=\"e-font-icon-svg e-far-calendar-alt\" viewBox=\"0 0 448 512\" xmlns=\"http:\/\/www.w3.org\/2000\/svg\"><path d=\"M148 288h-40c-6.6 0-12-5.4-12-12v-40c0-6.6 5.4-12 12-12h40c6.6 0 12 5.4 12 12v40c0 6.6-5.4 12-12 12zm108-12v-40c0-6.6-5.4-12-12-12h-40c-6.6 0-12 5.4-12 12v40c0 6.6 5.4 12 12 12h40c6.6 0 12-5.4 12-12zm96 0v-40c0-6.6-5.4-12-12-12h-40c-6.6 0-12 5.4-12 12v40c0 6.6 5.4 12 12 12h40c6.6 0 12-5.4 12-12zm-96 96v-40c0-6.6-5.4-12-12-12h-40c-6.6 0-12 5.4-12 12v40c0 6.6 5.4 12 12 12h40c6.6 0 12-5.4 12-12zm-96 0v-40c0-6.6-5.4-12-12-12h-40c-6.6 0-12 5.4-12 12v40c0 6.6 5.4 12 12 12h40c6.6 0 12-5.4 12-12zm192 0v-40c0-6.6-5.4-12-12-12h-40c-6.6 0-12 5.4-12 12v40c0 6.6 5.4 12 12 12h40c6.6 0 12-5.4 12-12zm96-260v352c0 26.5-21.5 48-48 48H48c-26.5 0-48-21.5-48-48V112c0-26.5 21.5-48 48-48h48V12c0-6.6 5.4-12 12-12h40c6.6 0 12 5.4 12 12v52h128V12c0-6.6 5.4-12 12-12h40c6.6 0 12 5.4 12 12v52h48c26.5 0 48 21.5 48 48zm-48 346V160H48v298c0 3.3 2.7 6 6 6h340c3.3 0 6-2.7 6-6z\"><\/path><\/svg><\/span>\n\t\t\t\t\t\t\t<\/span>\n\t\t<\/a>\n\n\t\t\t\t<\/div>\n\t\n\t\n\t\t\t\t\t<\/div>\n\t\t\t\t<\/div>\n\t\t\t\t<div class=\"elementor-element elementor-element-00d4ea8 wpr-promo-box-style-cover elementor-widget elementor-widget-wpr-promo-box\" data-id=\"00d4ea8\" data-element_type=\"widget\" data-e-type=\"widget\" data-widget_type=\"wpr-promo-box.default\">\n\t\t\t\t<div class=\"elementor-widget-container\">\n\t\t\t\t\t\n\t\t<div class=\"wpr-promo-box wpr-animation-wrap\">\n\n\t\t\t\t\t\t\t\n\t\t\t\t\t\t\t<div class=\"wpr-promo-box-image\">\n\t\t\t\t\t<div class=\"wpr-promo-box-bg-image wpr-bg-anim-zoom-in wpr-anim-timing-ease-default\" style=\"background-image:url(https:\/\/psmformationconsulting.com\/wp-content\/plugins\/elementor\/assets\/images\/placeholder.png);\"><\/div>\n\t\t\t\t\t<div class=\"wpr-promo-box-bg-overlay wpr-border-anim-oscar\"><\/div>\n\t\t\t\t<\/div>\n\t\t\t\t\t\t\n\t\t\t<div class=\"wpr-promo-box-content\">\n\n\t\t\t\t\t\t\t\t<div class=\"wpr-promo-box-icon\">\n\t\t\t\t\t\t\t\t\t<\/div>\n\t\t\t\t\n\t\t\t\t<h3 class=\"wpr-promo-box-title\"><span>Formation Pr\u00e9parer son auto \u00e9valuation HAS<\/span><\/h3>\n\t\t\t\t\n\t\t\t\t\t\t\t\t\t<div class=\"wpr-promo-box-btn-wrap\">\n\t\t\t\t\t\t<a class=\"wpr-promo-box-btn\" href=\"#\">\n\n\t\t\t\t\t\t\t\t\t\t\t\t\t\t<span class=\"wpr-promo-box-btn-text\">En savoir plus<\/span>\t\t\n\t\t\t\t\t\t\t\n\t\t\t\t\t\t\t\t\t\t\t\t\t<\/a>\n\t\t\t\t\t<\/div>\t\n\t\t\t\t\t\t\t<\/div>\n\n\t\t\t\t\t<\/div>\n\n\t\t\t\t\t\t<\/div>\n\t\t\t\t<\/div>\n\t\t\t\t<\/div>\n\t\t\t\t<\/div>\n\t\t<div class=\"elementor-element elementor-element-d247ad7 elementor-hidden-desktop elementor-hidden-tablet elementor-hidden-mobile e-flex e-con-boxed wpr-particle-no wpr-jarallax-no wpr-parallax-no wpr-equal-height-no e-con e-parent\" data-id=\"d247ad7\" data-element_type=\"container\" data-e-type=\"container\">\n\t\t\t\t\t<div class=\"e-con-inner\">\n\t\t\t\t<div class=\"elementor-element elementor-element-1c9bf4a elementor-widget elementor-widget-image\" data-id=\"1c9bf4a\" data-element_type=\"widget\" data-e-type=\"widget\" data-widget_type=\"image.default\">\n\t\t\t\t<div class=\"elementor-widget-container\">\n\t\t\t\t\t\t\t\t\t\t\t\t\t\t\t<img fetchpriority=\"high\" decoding=\"async\" width=\"960\" height=\"720\" src=\"https:\/\/psmformationconsulting.com\/wp-content\/uploads\/2024\/09\/senior-3336451_1280-1024x768.jpg\" class=\"attachment-large size-large wp-image-2896\" alt=\"formations accompagnement s\u00e9nior\" srcset=\"https:\/\/psmformationconsulting.com\/wp-content\/uploads\/2024\/09\/senior-3336451_1280-1024x768.jpg 1024w, https:\/\/psmformationconsulting.com\/wp-content\/uploads\/2024\/09\/senior-3336451_1280-300x225.jpg 300w, https:\/\/psmformationconsulting.com\/wp-content\/uploads\/2024\/09\/senior-3336451_1280-768x576.jpg 768w, https:\/\/psmformationconsulting.com\/wp-content\/uploads\/2024\/09\/senior-3336451_1280.jpg 1280w\" sizes=\"(max-width: 960px) 100vw, 960px\" \/>\t\t\t\t\t\t\t\t\t\t\t\t\t\t\t<\/div>\n\t\t\t\t<\/div>\n\t\t\t\t\t<\/div>\n\t\t\t\t<\/div>\n\t\t\t\t<\/div>\n\t\t","protected":false},"excerpt":{"rendered":"<p>Formations accompagnement des s\u00e9niors Formations accompagnement des s\u00e9niors Formation prise en charge de la personne \u00e2g\u00e9e : Am\u00e9liorer l&rsquo;accompagnement et les soins aux seniors Toutes nos formations en accompagnement des s\u00e9niors Informations et transcription \u00a0 Formation importance des transmissions cibl\u00e9es Formation D\u00e9velopper son projet de soin Formation r\u00e9aliser un projet personnalis\u00e9 de soins Formation r\u00e9aliser un projet de vie individualis\u00e9 Accompagnement psychologique Formation Accompagnement fin de vie sujet Alzheimer Formation faire face \u00e0 la violence et de l&rsquo;agressivit\u00e9 de la personne \u00e2g\u00e9e Formation prise en charge d&rsquo;une personne avec la maladie d&rsquo;Alzheimer Formation Prendre en charge un personne malade d&rsquo;Alzheimer et troubles apparent\u00e9s Formation comprendre et maitriser la d\u00e9marche snoezelen Formation r\u00e9aliser des soins adapt\u00e9s aux personnes atteintes de d\u00e9mence Formation accompagner les \u00e9tats d\u00e9pressifs Formation accueillir et accompagner la personnes souffrant de pathologies psychiatriques Formation accompagner des troubles du comportement dans la maladie d&rsquo;Alzheimer et troubles apparent\u00e9s\u00a0 Accompagner au quotidien Formation Les soins d&rsquo;hygi\u00e8ne Formation savoir pratiquer des soins de bien \u00eatre\u00a0 Formation Bientraitance\/ maltraitance Formation R\u00e9f\u00e9rent Bientraitance Formation Accompagnement fin de vie\u00a0 Formation Pr\u00e9vention des chutes Formation pr\u00e9vention des escarres Formation manutention de la personne \u00e2g\u00e9e Formation am\u00e9liorer l&rsquo;\u00e9valuation et la prise en charge de la douleur Formation accompagner la personne \u00e2g\u00e9e atteinte de troubles de la d\u00e9glutition Formation Pr\u00e9venir le risque d&rsquo;isolement chez la personnes \u00e2g\u00e9 Formation mise en place d&rsquo;animation pour personnes \u00e2g\u00e9es d\u00e9pendantes Formation utiliser le toucher th\u00e9rapeutique\u00a0 Formation mettre en place des activit\u00e9s de stimulations cognitives Formation pr\u00e9venir et accompagner la d\u00e9nutrition Prise en charge \u00e0 domicile Formation prise en charge de la personne \u00e2g\u00e9e \u00e0 domicile Formation maitriser les r\u00e8gles d&rsquo;hygi\u00e8ne et de s\u00e9curit\u00e9 \u00e0 domicile Formation g\u00e9rer Les risques infectieux \u00e0 domicile Formation Bientraitance \u00e0 domicile Formation g\u00e9rer les b\u00e9n\u00e9ficiaires pr\u00e9sentant des conduites addictives Formation accompagner la fin de vie \u00e0 domicile Formation maitriser la relation et la communication avec le b\u00e9n\u00e9ficiaire et ses proches Formation pr\u00e9venir les chiffres \u00e0 domicile Formation prise en charge\u00a0 de la douleur \u00e0 domicile Accompagnement des s\u00e9niors Nos sessions programm\u00e9es Formation Pr\u00e9parer son auto \u00e9valuation HAS En savoir plus<\/p>\n","protected":false},"author":1,"featured_media":0,"parent":0,"menu_order":0,"comment_status":"closed","ping_status":"closed","template":"","meta":{"footnotes":""},"class_list":["post-3197","page","type-page","status-publish","hentry"],"_links":{"self":[{"href":"https:\/\/psmformationconsulting.com\/index.php?rest_route=\/wp\/v2\/pages\/3197","targetHints":{"allow":["GET"]}}],"collection":[{"href":"https:\/\/psmformationconsulting.com\/index.php?rest_route=\/wp\/v2\/pages"}],"about":[{"href":"https:\/\/psmformationconsulting.com\/index.php?rest_route=\/wp\/v2\/types\/page"}],"author":[{"embeddable":true,"href":"https:\/\/psmformationconsulting.com\/index.php?rest_route=\/wp\/v2\/users\/1"}],"replies":[{"embeddable":true,"href":"https:\/\/psmformationconsulting.com\/index.php?rest_route=%2Fwp%2Fv2%2Fcomments&post=3197"}],"version-history":[{"count":67,"href":"https:\/\/psmformationconsulting.com\/index.php?rest_route=\/wp\/v2\/pages\/3197\/revisions"}],"predecessor-version":[{"id":5286,"href":"https:\/\/psmformationconsulting.com\/index.php?rest_route=\/wp\/v2\/pages\/3197\/revisions\/5286"}],"wp:attachment":[{"href":"https:\/\/psmformationconsulting.com\/index.php?rest_route=%2Fwp%2Fv2%2Fmedia&parent=3197"}],"curies":[{"name":"wp","href":"https:\/\/api.w.org\/{rel}","templated":true}]}}