{"id":33,"date":"2024-06-06T11:44:28","date_gmt":"2024-06-06T11:44:28","guid":{"rendered":"https:\/\/demosites.royal-elementor-addons.com\/business-consulting-v2\/?page_id=33"},"modified":"2024-10-18T18:18:23","modified_gmt":"2024-10-18T16:18:23","slug":"politique-de-confidentialite","status":"publish","type":"page","link":"https:\/\/psmformationconsulting.com\/?page_id=33","title":{"rendered":"Politique de confidentialit\u00e9"},"content":{"rendered":"\t\t<div data-elementor-type=\"wp-page\" data-elementor-id=\"33\" class=\"elementor elementor-33\">\n\t\t\t\t<div class=\"elementor-element elementor-element-2d2f6f7 e-flex e-con-boxed wpr-particle-no wpr-jarallax-no wpr-parallax-no wpr-equal-height-no e-con e-parent\" data-id=\"2d2f6f7\" data-element_type=\"container\" data-e-type=\"container\" data-settings=\"{&quot;background_background&quot;:&quot;classic&quot;}\">\n\t\t\t\t\t<div class=\"e-con-inner\">\n\t\t\t\t<div class=\"elementor-element elementor-element-8cbaffc elementor-invisible elementor-widget elementor-widget-heading\" data-id=\"8cbaffc\" data-element_type=\"widget\" data-e-type=\"widget\" data-settings=\"{&quot;_animation&quot;:&quot;fadeIn&quot;}\" data-widget_type=\"heading.default\">\n\t\t\t\t<div class=\"elementor-widget-container\">\n\t\t\t\t\t<h1 class=\"elementor-heading-title elementor-size-default\">Politique de confidentialit\u00e9<\/h1>\t\t\t\t<\/div>\n\t\t\t\t<\/div>\n\t\t\t\t\t<\/div>\n\t\t\t\t<\/div>\n\t\t<div class=\"elementor-element elementor-element-8f7abb9 e-flex e-con-boxed wpr-particle-no wpr-jarallax-no wpr-parallax-no wpr-equal-height-no e-con e-parent\" data-id=\"8f7abb9\" data-element_type=\"container\" data-e-type=\"container\">\n\t\t\t\t\t<div class=\"e-con-inner\">\n\t\t\t\t<div class=\"elementor-element elementor-element-cb156a9 elementor-widget elementor-widget-text-editor\" data-id=\"cb156a9\" data-element_type=\"widget\" data-e-type=\"widget\" data-widget_type=\"text-editor.default\">\n\t\t\t\t<div class=\"elementor-widget-container\">\n\t\t\t\t\t\t\t\t\t<p><strong>Politique de confidentialit\u00e9<\/strong><\/p><p><strong>Introduction :<\/strong><br \/>Chez PSM Formation Consulting, nous nous engageons \u00e0 prot\u00e9ger et respecter votre vie priv\u00e9e. Cette politique de confidentialit\u00e9 explique comment nous collectons, utilisons, et prot\u00e9geons vos donn\u00e9es personnelles conform\u00e9ment au RGPD.<\/p><p><strong>1. Donn\u00e9es personnelles collect\u00e9es :<\/strong><br \/>Nous collectons les donn\u00e9es suivantes lorsque vous utilisez notre site :<\/p><ul><li>Informations fournies via nos formulaires : nom, pr\u00e9nom, adresse email, num\u00e9ro de t\u00e9l\u00e9phone.<\/li><li>Informations techniques : adresse IP, type de navigateur, pages visit\u00e9es.<\/li><\/ul><p><strong>2. Finalit\u00e9s du traitement des donn\u00e9es :<\/strong><br \/>Nous utilisons vos donn\u00e9es pour :<\/p><ul><li>R\u00e9pondre \u00e0 vos demandes via les formulaires de contact.<\/li><li>Vous envoyer des informations marketing si vous y avez consenti.<\/li><li>Am\u00e9liorer notre site gr\u00e2ce \u00e0 des analyses de trafic.<\/li><\/ul><p><strong>3. Partage des donn\u00e9es :<\/strong><br \/>Nous ne partageons pas vos donn\u00e9es personnelles avec des tiers, sauf si la loi l\u2019exige ou si nous travaillons avec des prestataires de services (h\u00e9bergement, analyse).<\/p><p><strong>4. Dur\u00e9e de conservation :<\/strong><br \/>Nous conservons vos donn\u00e9es personnelles aussi longtemps que n\u00e9cessaire pour r\u00e9pondre \u00e0 vos demandes, et jusqu\u2019\u00e0 1 ans apr\u00e8s la derni\u00e8re interaction avec vous.<\/p><p><strong>5. Vos droits :<\/strong><br \/>Conform\u00e9ment au RGPD, vous avez le droit d\u2019acc\u00e9der, de rectifier, ou de supprimer vos donn\u00e9es. Pour exercer ces droits, contactez nous \u00e0 milheu.nelson@hotmail.fr.<\/p><p><strong>6. S\u00e9curit\u00e9 :<\/strong><br \/>Nous mettons en \u0153uvre des mesures de s\u00e9curit\u00e9 pour prot\u00e9ger vos donn\u00e9es, bien que la transmission d\u2019informations sur Internet ne soit jamais totalement s\u00e9curis\u00e9e.<\/p><p><strong>7. Cookies :<\/strong><br \/>Nous utilisons des cookies pour am\u00e9liorer votre exp\u00e9rience sur notre site. Consultez notre Politique de cookies pour plus de d\u00e9tails.<\/p><p><strong>8. Modifications :<\/strong><br \/>Cette politique de confidentialit\u00e9 peut \u00eatre modifi\u00e9e \u00e0 tout moment. Consultez cette page r\u00e9guli\u00e8rement pour rester inform\u00e9 des changements.<\/p><p><strong>9. Contact :<\/strong><br \/>Pour toute question, vous pouvez nous contacter \u00e0 milheu.nelson@hotmail.fr ou \u00e0 l\u2019adresse suivante : 210 rue h\u00e9ctor despret, Jeumont 59324<\/p>\t\t\t\t\t\t\t\t<\/div>\n\t\t\t\t<\/div>\n\t\t\t\t\t<\/div>\n\t\t\t\t<\/div>\n\t\t\t\t<\/div>\n\t\t","protected":false},"excerpt":{"rendered":"<p>Politique de confidentialit\u00e9 Politique de confidentialit\u00e9 Introduction :Chez PSM Formation Consulting, nous nous engageons \u00e0 prot\u00e9ger et respecter votre vie priv\u00e9e. Cette politique de confidentialit\u00e9 explique comment nous collectons, utilisons, et prot\u00e9geons vos donn\u00e9es personnelles conform\u00e9ment au RGPD. 1. Donn\u00e9es personnelles collect\u00e9es :Nous collectons les donn\u00e9es suivantes lorsque vous utilisez notre site : Informations fournies via nos formulaires : nom, pr\u00e9nom, adresse email, num\u00e9ro de t\u00e9l\u00e9phone. Informations techniques : adresse IP, type de navigateur, pages visit\u00e9es. 2. Finalit\u00e9s du traitement des donn\u00e9es :Nous utilisons vos donn\u00e9es pour : R\u00e9pondre \u00e0 vos demandes via les formulaires de contact. Vous envoyer des informations marketing si vous y avez consenti. Am\u00e9liorer notre site gr\u00e2ce \u00e0 des analyses de trafic. 3. Partage des donn\u00e9es :Nous ne partageons pas vos donn\u00e9es personnelles avec des tiers, sauf si la loi l\u2019exige ou si nous travaillons avec des prestataires de services (h\u00e9bergement, analyse). 4. Dur\u00e9e de conservation :Nous conservons vos donn\u00e9es personnelles aussi longtemps que n\u00e9cessaire pour r\u00e9pondre \u00e0 vos demandes, et jusqu\u2019\u00e0 1 ans apr\u00e8s la derni\u00e8re interaction avec vous. 5. Vos droits :Conform\u00e9ment au RGPD, vous avez le droit d\u2019acc\u00e9der, de rectifier, ou de supprimer vos donn\u00e9es. Pour exercer ces droits, contactez nous \u00e0 milheu.nelson@hotmail.fr. 6. S\u00e9curit\u00e9 :Nous mettons en \u0153uvre des mesures de s\u00e9curit\u00e9 pour prot\u00e9ger vos donn\u00e9es, bien que la transmission d\u2019informations sur Internet ne soit jamais totalement s\u00e9curis\u00e9e. 7. Cookies :Nous utilisons des cookies pour am\u00e9liorer votre exp\u00e9rience sur notre site. Consultez notre Politique de cookies pour plus de d\u00e9tails. 8. Modifications :Cette politique de confidentialit\u00e9 peut \u00eatre modifi\u00e9e \u00e0 tout moment. Consultez cette page r\u00e9guli\u00e8rement pour rester inform\u00e9 des changements. 9. Contact :Pour toute question, vous pouvez nous contacter \u00e0 milheu.nelson@hotmail.fr ou \u00e0 l\u2019adresse suivante : 210 rue h\u00e9ctor despret, Jeumont 59324<\/p>\n","protected":false},"author":1,"featured_media":0,"parent":0,"menu_order":0,"comment_status":"closed","ping_status":"closed","template":"elementor_canvas","meta":{"footnotes":""},"class_list":["post-33","page","type-page","status-publish","hentry"],"_links":{"self":[{"href":"https:\/\/psmformationconsulting.com\/index.php?rest_route=\/wp\/v2\/pages\/33","targetHints":{"allow":["GET"]}}],"collection":[{"href":"https:\/\/psmformationconsulting.com\/index.php?rest_route=\/wp\/v2\/pages"}],"about":[{"href":"https:\/\/psmformationconsulting.com\/index.php?rest_route=\/wp\/v2\/types\/page"}],"author":[{"embeddable":true,"href":"https:\/\/psmformationconsulting.com\/index.php?rest_route=\/wp\/v2\/users\/1"}],"replies":[{"embeddable":true,"href":"https:\/\/psmformationconsulting.com\/index.php?rest_route=%2Fwp%2Fv2%2Fcomments&post=33"}],"version-history":[{"count":18,"href":"https:\/\/psmformationconsulting.com\/index.php?rest_route=\/wp\/v2\/pages\/33\/revisions"}],"predecessor-version":[{"id":3692,"href":"https:\/\/psmformationconsulting.com\/index.php?rest_route=\/wp\/v2\/pages\/33\/revisions\/3692"}],"wp:attachment":[{"href":"https:\/\/psmformationconsulting.com\/index.php?rest_route=%2Fwp%2Fv2%2Fmedia&parent=33"}],"curies":[{"name":"wp","href":"https:\/\/api.w.org\/{rel}","templated":true}]}}