{"id":4615,"date":"2025-01-29T23:10:38","date_gmt":"2025-01-29T22:10:38","guid":{"rendered":"https:\/\/psmformationconsulting.com\/?page_id=4615"},"modified":"2025-01-29T23:12:38","modified_gmt":"2025-01-29T22:12:38","slug":"elementor-4615","status":"publish","type":"page","link":"https:\/\/psmformationconsulting.com\/?page_id=4615","title":{"rendered":"DEVIS"},"content":{"rendered":"\t\t<div data-elementor-type=\"wp-page\" data-elementor-id=\"4615\" class=\"elementor elementor-4615\">\n\t\t\t\t<div class=\"elementor-element elementor-element-943d96b e-flex e-con-boxed wpr-particle-no wpr-jarallax-no wpr-parallax-no wpr-equal-height-no e-con e-parent\" data-id=\"943d96b\" data-element_type=\"container\" data-e-type=\"container\" data-settings=\"{&quot;background_background&quot;:&quot;classic&quot;}\">\n\t\t\t\t\t<div class=\"e-con-inner\">\n\t\t\t\t<div class=\"elementor-element elementor-element-8a54821 elementor-widget elementor-widget-heading\" data-id=\"8a54821\" data-element_type=\"widget\" data-e-type=\"widget\" data-widget_type=\"heading.default\">\n\t\t\t\t<div class=\"elementor-widget-container\">\n\t\t\t\t\t<h2 class=\"elementor-heading-title elementor-size-default\">Demandez votre devis gratuit<\/h2>\t\t\t\t<\/div>\n\t\t\t\t<\/div>\n\t\t\t\t\t<\/div>\n\t\t\t\t<\/div>\n\t\t<div class=\"elementor-element elementor-element-c06c7ea e-flex e-con-boxed wpr-particle-no wpr-jarallax-no wpr-parallax-no wpr-equal-height-no e-con e-parent\" data-id=\"c06c7ea\" data-element_type=\"container\" data-e-type=\"container\">\n\t\t\t\t\t<div class=\"e-con-inner\">\n\t\t\t\t<div class=\"elementor-element elementor-element-459964f elementor-widget elementor-widget-formidable\" data-id=\"459964f\" data-element_type=\"widget\" data-e-type=\"widget\" data-widget_type=\"formidable.default\">\n\t\t\t\t<div class=\"elementor-widget-container\">\n\t\t\t\t\t<div class=\"frm_forms  with_frm_style frm_style_style-formidable\" id=\"frm_form_2_container\" data-token=\"1efb67c3364a21b20f930c3f4019447d\">\n<form enctype=\"multipart\/form-data\" method=\"post\" class=\"frm-show-form \" id=\"form_devis-psm\" data-token=\"1efb67c3364a21b20f930c3f4019447d\">\n<div class=\"frm_form_fields \">\n<fieldset>\n<legend class=\"frm_screen_reader\">Devis PSM<\/legend>\n\n<div class=\"frm_fields_container\">\n<input type=\"hidden\" name=\"frm_action\" value=\"create\" \/>\n<input type=\"hidden\" name=\"form_id\" value=\"2\" \/>\n<input type=\"hidden\" name=\"frm_hide_fields_2\" id=\"frm_hide_fields_2\" value=\"\" \/>\n<input type=\"hidden\" name=\"form_key\" value=\"devis-psm\" \/>\n<input type=\"hidden\" name=\"item_meta[0]\" value=\"\" \/>\n<input type=\"hidden\" id=\"frm_submit_entry_2\" name=\"frm_submit_entry_2\" value=\"3c2e6c1a65\" \/><input type=\"hidden\" name=\"_wp_http_referer\" value=\"\/index.php?rest_route=%2Fwp%2Fv2%2Fpages%2F4615\" \/><div id=\"frm_field_8_container\" class=\"frm_form_field form-field  frm_required_field frm_top_container\">\n\t<div  id=\"field_cap6u_label\" class=\"frm_primary_label\">Nom - Pr\u00e9nom\n\t\t<span class=\"frm_required\" aria-hidden=\"true\">*<\/span>\n\t<\/div>\n\t<fieldset aria-labelledby=\"field_cap6u_label\">\n\t<legend class=\"frm_screen_reader frm_hidden\">\n\t\tNom - Pr\u00e9nom\t<\/legend>\n\n\t<div  class=\"frm_combo_inputs_container\" id=\"frm_combo_inputs_container_8\" data-name-layout=\"first_last\">\n\t\t\t\t\t<div\n\t\t\t\tid=\"frm_field_8-first_container\"\n\t\t\t\tclass=\"frm_form_field form-field frm_form_subfield-first  frm6\"\n\t\t\t\tdata-sub-field-name=\"first\"\n\t\t\t>\n\t\t\t\t<label for=\"field_cap6u_first\" class=\"frm_screen_reader frm_hidden\">\n\t\t\t\t\tPr\u00e9nom\t\t\t\t<\/label>\n\n\t\t\t\t<input  type=\"text\" id=\"field_cap6u_first\" value=\"\" name=\"item_meta[8][first]\" autocomplete=\"given-name\" data-reqmsg=\"Nom - Pr\u00e9nom ne peut pas \u00eatre vide.\" aria-required=\"true\" data-invmsg=\"Nom - Pr\u00e9nom est non valide\" aria-invalid=\"false\"  \/><div class=\"frm_description\" id=\"frm_field_8_first_desc\">Pr\u00e9nom<\/div>\t\t\t<\/div>\n\t\t\t\t\t\t<div\n\t\t\t\tid=\"frm_field_8-last_container\"\n\t\t\t\tclass=\"frm_form_field form-field frm_form_subfield-last  frm6\"\n\t\t\t\tdata-sub-field-name=\"last\"\n\t\t\t>\n\t\t\t\t<label for=\"field_cap6u_last\" class=\"frm_screen_reader frm_hidden\">\n\t\t\t\t\tNom\t\t\t\t<\/label>\n\n\t\t\t\t<input  type=\"text\" id=\"field_cap6u_last\" value=\"\" name=\"item_meta[8][last]\" autocomplete=\"family-name\" data-reqmsg=\"Nom - Pr\u00e9nom ne peut pas \u00eatre vide.\" aria-required=\"true\" data-invmsg=\"Nom - Pr\u00e9nom est non valide\" aria-invalid=\"false\"  \/><div class=\"frm_description\" id=\"frm_field_8_last_desc\">Nom<\/div>\t\t\t<\/div>\n\t\t\t\t<\/div>\n<\/fieldset>\n\n\t\n\t\n<\/div>\n<div id=\"frm_field_9_container\" class=\"frm_form_field form-field  frm_top_container frm6 frm_first\">\n\t<label for=\"field_9zv94\" id=\"field_9zv94_label\" class=\"frm_primary_label\">E-mail\n\t\t<span class=\"frm_required\" aria-hidden=\"true\"><\/span>\n\t<\/label>\n\t<input type=\"email\" id=\"field_9zv94\" name=\"item_meta[9]\" value=\"\"  data-invmsg=\"E-mail est non valide\" aria-invalid=\"false\"  \/>\n\t\n\t\n<\/div>\n<div id=\"frm_field_10_container\" class=\"frm_form_field form-field  frm_required_field frm_top_container frm6\">\n\t<label for=\"field_bnumq\" id=\"field_bnumq_label\" class=\"frm_primary_label\">T\u00e9l\u00e9phone\n\t\t<span class=\"frm_required\" aria-hidden=\"true\">*<\/span>\n\t<\/label>\n\t<input type=\"tel\" id=\"field_bnumq\" name=\"item_meta[10]\" value=\"\"  data-reqmsg=\"T\u00e9l\u00e9phone ne peut pas \u00eatre vide.\" aria-required=\"true\" data-invmsg=\"T\u00e9l\u00e9phone est non valide\" aria-invalid=\"false\" pattern=\"((\\+\\d{1,3}(-|.| )?\\(?\\d\\)?(-| |.)?\\d{1,5})|(\\(?\\d{2,6}\\)?))(-|.| )?(\\d{3,4})(-|.| )?(\\d{4})(( x| ext)\\d{1,5}){0,1}$\"  \/>\n\t\n\t\n<\/div>\n<div id=\"frm_field_11_container\" class=\"frm_form_field form-field  frm_top_container frm6 frm_first\">\n\t<label for=\"field_uf15p\" id=\"field_uf15p_label\" class=\"frm_primary_label\">Site Web\/URL\n\t\t<span class=\"frm_required\" aria-hidden=\"true\"><\/span>\n\t<\/label>\n\t<input type=\"url\" id=\"field_uf15p\" name=\"item_meta[11]\" value=\"\"  data-invmsg=\"Site Web\/URL est non valide\" aria-invalid=\"false\"  \/>\n\t\n\t\n<\/div>\n<div id=\"frm_field_12_container\" class=\"frm_form_field form-field  frm_top_container frm6\">\n\t<label for=\"field_d9y63\" id=\"field_d9y63_label\" class=\"frm_primary_label\">Entreprise\n\t\t<span class=\"frm_required\" aria-hidden=\"true\"><\/span>\n\t<\/label>\n\t<input type=\"text\" id=\"field_d9y63\" name=\"item_meta[12]\" value=\"\"  data-invmsg=\"Entreprise est non valide\" aria-invalid=\"false\"  \/>\n\t\n\t\n<\/div>\n<div id=\"frm_field_13_container\" class=\"frm_form_field form-field  frm_top_container\">\n\t<label for=\"field_ktla\" id=\"field_ktla_label\" class=\"frm_primary_label\">Votre demande concerne :\n\t\t<span class=\"frm_required\" aria-hidden=\"true\"><\/span>\n\t<\/label>\n\t\t\t<select name=\"item_meta[13]\" id=\"field_ktla\"  data-invmsg=\"Votre demande concerne : est non valide\" aria-invalid=\"false\"  >\n\t\t<option  value=\"Choisissez parmi nos formations...\">Choisissez parmi nos formations...<\/option><option  value=\"Formation CSE et CST\">Formation CSE et CST<\/option><option  value=\"Formation Sant\u00e9 &amp; S\u00e9curit\u00e9\">Formation Sant\u00e9 &amp; S\u00e9curit\u00e9<\/option><option  value=\"Formation Administratif &amp; Informatique\">Formation Administratif &amp; Informatique<\/option><option  value=\"Formation Direction &amp; RH\">Formation Direction &amp; RH<\/option><option  value=\"Formation Communication &amp; D\u00e9veloppement\">Formation Communication &amp; D\u00e9veloppement<\/option><option  value=\"Formation Client &amp; Commerce\">Formation Client &amp; Commerce<\/option><option  value=\"Formation Accompagnement des s\u00e9niors\">Formation Accompagnement des s\u00e9niors<\/option><option  value=\"Formation en Management\">Formation en Management<\/option><option  value=\"Autre demande...\">Autre demande...<\/option>\t<\/select>\n\t\n\t\n\t\n<\/div>\n<div id=\"frm_field_14_container\" class=\"frm_form_field form-field  frm_top_container\">\n\t<label for=\"field_pea6r\" id=\"field_pea6r_label\" class=\"frm_primary_label\">Dites nous en plus !\n\t\t<span class=\"frm_required\" aria-hidden=\"true\"><\/span>\n\t<\/label>\n\t<input type=\"text\" id=\"field_pea6r\" name=\"item_meta[14]\" value=\"\"  data-invmsg=\"Dites nous en plus ! est non valide\" aria-invalid=\"false\"  \/>\n\t\n\t\n<\/div>\n<div id=\"frm_field_15_container\" class=\"frm_form_field form-field  frm_top_container vertical_radio\">\n\t<div  id=\"field_hs9in_label\" class=\"frm_primary_label\">Quand souhaitez vous \u00eatre rappel\u00e9 ?\n\t\t<span class=\"frm_required\" aria-hidden=\"true\"><\/span>\n\t<\/div>\n\t<div class=\"frm_opt_container\" aria-labelledby=\"field_hs9in_label\" role=\"group\">\t\t<div class=\"frm_checkbox\" id=\"frm_checkbox_15-0\">\t\t\t<label  for=\"field_hs9in-0\">\n\t\t\t<input type=\"checkbox\" name=\"item_meta[15][]\" id=\"field_hs9in-0\" value=\"8H - 10H\"  data-invmsg=\"Quand souhaitez vous \u00eatre rappel\u00e9 ? est non valide\"   \/> 8H - 10H<\/label><\/div>\n\t\t<div class=\"frm_checkbox\" id=\"frm_checkbox_15-1\">\t\t\t<label  for=\"field_hs9in-1\">\n\t\t\t<input type=\"checkbox\" name=\"item_meta[15][]\" id=\"field_hs9in-1\" value=\"10H - 12H\"  data-invmsg=\"Quand souhaitez vous \u00eatre rappel\u00e9 ? est non valide\"   \/> 10H - 12H<\/label><\/div>\n\t\t<div class=\"frm_checkbox\" id=\"frm_checkbox_15-2\">\t\t\t<label  for=\"field_hs9in-2\">\n\t\t\t<input type=\"checkbox\" name=\"item_meta[15][]\" id=\"field_hs9in-2\" value=\"13H - 15H\"  data-invmsg=\"Quand souhaitez vous \u00eatre rappel\u00e9 ? est non valide\"   \/> 13H - 15H<\/label><\/div>\n\t\t<div class=\"frm_checkbox\" id=\"frm_checkbox_15-3\">\t\t\t<label  for=\"field_hs9in-3\">\n\t\t\t<input type=\"checkbox\" name=\"item_meta[15][]\" id=\"field_hs9in-3\" value=\"15H - 17h\"  data-invmsg=\"Quand souhaitez vous \u00eatre rappel\u00e9 ? est non valide\"   \/> 15H - 17h<\/label><\/div>\n<\/div>\n\t\n\t\n<\/div>\n<div id=\"frm_field_16_container\" class=\"frm_form_field form-field  frm_top_container vertical_radio\">\n\t<div  id=\"field_70ogu_label\" class=\"frm_primary_label\">\n\t\t<span class=\"frm_required\" aria-hidden=\"true\"><\/span>\n\t<\/div>\n\t<div class=\"frm_opt_container\" aria-labelledby=\"field_70ogu_label\" role=\"group\">\t\t<div class=\"frm_checkbox\" id=\"frm_checkbox_16-1\">\t\t\t<label  for=\"field_70ogu-1\">\n\t\t\t<input type=\"checkbox\" name=\"item_meta[16][]\" id=\"field_70ogu-1\" value=\"J&#039;accepte les conditions g\u00e9n\u00e9rales et la politique de confidentialit\u00e9\"  data-invmsg=\"Ce champ est non valide\"   \/> J'accepte les conditions g\u00e9n\u00e9rales et la politique de confidentialit\u00e9<\/label><\/div>\n<\/div>\n\t\n\t\n<\/div>\n<div id=\"frm_field_7_container\" class=\"frm_form_field form-field \">\n\t<div class=\"frm_submit frm_flex\">\n<button class=\"frm_button_submit\" type=\"submit\"  >Envoyer<\/button>\n\n\n\n<\/div>\n<\/div>\n\t<input type=\"hidden\" name=\"item_key\" value=\"\" \/>\n\t\t\t<div id=\"frm_field_17_container\">\n\t\t\t<label for=\"field_l4mh2\" >\n\t\t\t\tSi vous \u00eates un humain, ne remplissez pas ce champ.\t\t\t<\/label>\n\t\t\t<input  id=\"field_l4mh2\" type=\"text\" class=\"frm_form_field form-field frm_verify\" name=\"item_meta[17]\" value=\"\"  \/>\n\t\t<\/div>\n\t\t<input name=\"frm_state\" type=\"hidden\" value=\"WPUcd\/km15dFbDkpN3bBFgAJveFSQhc7RiBf5Bc1+HM=\" \/><\/div>\n<\/fieldset>\n<\/div>\n\n<\/form>\n<\/div>\n\t\t\t\t<\/div>\n\t\t\t\t<\/div>\n\t\t\t\t\t<\/div>\n\t\t\t\t<\/div>\n\t\t\t\t<\/div>\n\t\t","protected":false},"excerpt":{"rendered":"<p>Demandez votre devis gratuit Devis PSM Nom &#8211; Pr\u00e9nom * Nom &#8211; Pr\u00e9nom Pr\u00e9nom Pr\u00e9nom Nom Nom E-mail T\u00e9l\u00e9phone * Site Web\/URL Entreprise Votre demande concerne : Choisissez parmi nos formations&#8230;Formation CSE et CSTFormation Sant\u00e9 &amp; S\u00e9curit\u00e9Formation Administratif &amp; InformatiqueFormation Direction &amp; RHFormation Communication &amp; D\u00e9veloppementFormation Client &amp; CommerceFormation Accompagnement des s\u00e9niorsFormation en ManagementAutre demande&#8230; Dites nous en plus ! Quand souhaitez vous \u00eatre rappel\u00e9 ? 8H &#8211; 10H 10H &#8211; 12H 13H &#8211; 15H 15H &#8211; 17h J&rsquo;accepte les conditions g\u00e9n\u00e9rales et la politique de confidentialit\u00e9 Envoyer Si vous \u00eates un humain, ne remplissez pas ce champ.<\/p>\n","protected":false},"author":1,"featured_media":0,"parent":0,"menu_order":0,"comment_status":"closed","ping_status":"closed","template":"","meta":{"footnotes":""},"class_list":["post-4615","page","type-page","status-publish","hentry"],"_links":{"self":[{"href":"https:\/\/psmformationconsulting.com\/index.php?rest_route=\/wp\/v2\/pages\/4615","targetHints":{"allow":["GET"]}}],"collection":[{"href":"https:\/\/psmformationconsulting.com\/index.php?rest_route=\/wp\/v2\/pages"}],"about":[{"href":"https:\/\/psmformationconsulting.com\/index.php?rest_route=\/wp\/v2\/types\/page"}],"author":[{"embeddable":true,"href":"https:\/\/psmformationconsulting.com\/index.php?rest_route=\/wp\/v2\/users\/1"}],"replies":[{"embeddable":true,"href":"https:\/\/psmformationconsulting.com\/index.php?rest_route=%2Fwp%2Fv2%2Fcomments&post=4615"}],"version-history":[{"count":7,"href":"https:\/\/psmformationconsulting.com\/index.php?rest_route=\/wp\/v2\/pages\/4615\/revisions"}],"predecessor-version":[{"id":4622,"href":"https:\/\/psmformationconsulting.com\/index.php?rest_route=\/wp\/v2\/pages\/4615\/revisions\/4622"}],"wp:attachment":[{"href":"https:\/\/psmformationconsulting.com\/index.php?rest_route=%2Fwp%2Fv2%2Fmedia&parent=4615"}],"curies":[{"name":"wp","href":"https:\/\/api.w.org\/{rel}","templated":true}]}}