{"id":4727,"date":"2025-03-13T14:49:35","date_gmt":"2025-03-13T13:49:35","guid":{"rendered":"https:\/\/psmformationconsulting.com\/?page_id=4727"},"modified":"2025-04-01T18:22:45","modified_gmt":"2025-04-01T16:22:45","slug":"guide-local","status":"publish","type":"page","link":"https:\/\/psmformationconsulting.com\/?page_id=4727","title":{"rendered":"Patenariat"},"content":{"rendered":"\t\t<div data-elementor-type=\"wp-page\" data-elementor-id=\"4727\" class=\"elementor elementor-4727\">\n\t\t\t\t<div class=\"elementor-element elementor-element-a709b89 e-flex e-con-boxed wpr-particle-no wpr-jarallax-no wpr-parallax-no wpr-equal-height-no e-con e-parent\" data-id=\"a709b89\" data-element_type=\"container\" data-e-type=\"container\" data-settings=\"{&quot;background_background&quot;:&quot;classic&quot;}\">\n\t\t\t\t\t<div class=\"e-con-inner\">\n\t\t\t\t<div class=\"elementor-element elementor-element-93b9dcf elementor-invisible elementor-widget elementor-widget-heading\" data-id=\"93b9dcf\" data-element_type=\"widget\" data-e-type=\"widget\" data-settings=\"{&quot;_animation&quot;:&quot;fadeIn&quot;}\" data-widget_type=\"heading.default\">\n\t\t\t\t<div class=\"elementor-widget-container\">\n\t\t\t\t\t<h1 class=\"elementor-heading-title elementor-size-default\">Nos partenaires<\/h1>\t\t\t\t<\/div>\n\t\t\t\t<\/div>\n\t\t\t\t\t<\/div>\n\t\t\t\t<\/div>\n\t\t<div class=\"elementor-element elementor-element-b2a926a e-flex e-con-boxed wpr-particle-no wpr-jarallax-no wpr-parallax-no wpr-equal-height-no e-con e-parent\" data-id=\"b2a926a\" data-element_type=\"container\" data-e-type=\"container\" data-settings=\"{&quot;background_background&quot;:&quot;classic&quot;}\">\n\t\t\t\t\t<div class=\"e-con-inner\">\n\t\t\t\t<div class=\"elementor-element elementor-element-79986a2 elementor-widget elementor-widget-heading\" data-id=\"79986a2\" data-element_type=\"widget\" data-e-type=\"widget\" data-widget_type=\"heading.default\">\n\t\t\t\t<div class=\"elementor-widget-container\">\n\t\t\t\t\t<h2 class=\"elementor-heading-title elementor-size-default\">Ils nous font confiance...<\/h2>\t\t\t\t<\/div>\n\t\t\t\t<\/div>\n\t\t\t\t\t<\/div>\n\t\t\t\t<\/div>\n\t\t<div class=\"elementor-element elementor-element-31f305f e-flex e-con-boxed wpr-particle-no wpr-jarallax-no wpr-parallax-no wpr-equal-height-no e-con e-parent\" data-id=\"31f305f\" data-element_type=\"container\" data-e-type=\"container\" data-settings=\"{&quot;background_background&quot;:&quot;classic&quot;}\">\n\t\t\t\t\t<div class=\"e-con-inner\">\n\t\t<div class=\"elementor-element elementor-element-ec8aba3 e-con-full e-flex wpr-particle-no wpr-jarallax-no wpr-parallax-no wpr-equal-height-no e-con e-child\" data-id=\"ec8aba3\" data-element_type=\"container\" data-e-type=\"container\">\n\t\t\t\t<div class=\"elementor-element elementor-element-7aea2d7 elementor-position-top elementor-widget elementor-widget-image-box\" data-id=\"7aea2d7\" data-element_type=\"widget\" data-e-type=\"widget\" data-widget_type=\"image-box.default\">\n\t\t\t\t<div class=\"elementor-widget-container\">\n\t\t\t\t\t<div class=\"elementor-image-box-wrapper\"><figure class=\"elementor-image-box-img\"><img fetchpriority=\"high\" decoding=\"async\" width=\"412\" height=\"122\" src=\"https:\/\/psmformationconsulting.com\/wp-content\/uploads\/2025\/04\/telechargement.png\" class=\"attachment-full size-full wp-image-4904\" alt=\"logo gemelli consulting\" srcset=\"https:\/\/psmformationconsulting.com\/wp-content\/uploads\/2025\/04\/telechargement.png 412w, https:\/\/psmformationconsulting.com\/wp-content\/uploads\/2025\/04\/telechargement-300x89.png 300w\" sizes=\"(max-width: 412px) 100vw, 412px\" \/><\/figure><div class=\"elementor-image-box-content\"><h3 class=\"elementor-image-box-title\">Cabinet Gemelli<\/h3><p class=\"elementor-image-box-description\">Le Cabinet Gemelli Consulting, situ\u00e9 \u00e0 Nancy, est un acteur cl\u00e9 dans le domaine du conseil et de la formation pour les entreprises.<\/p><\/div><\/div>\t\t\t\t<\/div>\n\t\t\t\t<\/div>\n\t\t\t\t<div class=\"elementor-element elementor-element-5f39790 elementor-widget elementor-widget-toggle\" data-id=\"5f39790\" data-element_type=\"widget\" data-e-type=\"widget\" data-widget_type=\"toggle.default\">\n\t\t\t\t<div class=\"elementor-widget-container\">\n\t\t\t\t\t\t\t<div class=\"elementor-toggle\">\n\t\t\t\t\t\t\t<div class=\"elementor-toggle-item\">\n\t\t\t\t\t<div id=\"elementor-tab-title-9981\" class=\"elementor-tab-title\" data-tab=\"1\" role=\"button\" aria-controls=\"elementor-tab-content-9981\" aria-expanded=\"false\">\n\t\t\t\t\t\t\t\t\t\t\t\t<span class=\"elementor-toggle-icon elementor-toggle-icon-left\" aria-hidden=\"true\">\n\t\t\t\t\t\t\t\t\t\t\t\t\t\t\t<span class=\"elementor-toggle-icon-closed\"><svg class=\"e-font-icon-svg e-fas-caret-right\" viewBox=\"0 0 192 512\" xmlns=\"http:\/\/www.w3.org\/2000\/svg\"><path d=\"M0 384.662V127.338c0-17.818 21.543-26.741 34.142-14.142l128.662 128.662c7.81 7.81 7.81 20.474 0 28.284L34.142 398.804C21.543 411.404 0 402.48 0 384.662z\"><\/path><\/svg><\/span>\n\t\t\t\t\t\t\t\t<span class=\"elementor-toggle-icon-opened\"><svg class=\"elementor-toggle-icon-opened e-font-icon-svg e-fas-caret-up\" viewBox=\"0 0 320 512\" xmlns=\"http:\/\/www.w3.org\/2000\/svg\"><path d=\"M288.662 352H31.338c-17.818 0-26.741-21.543-14.142-34.142l128.662-128.662c7.81-7.81 20.474-7.81 28.284 0l128.662 128.662c12.6 12.599 3.676 34.142-14.142 34.142z\"><\/path><\/svg><\/span>\n\t\t\t\t\t\t\t\t\t\t\t\t\t<\/span>\n\t\t\t\t\t\t\t\t\t\t\t\t<a class=\"elementor-toggle-title\" tabindex=\"0\">En savoir plus...<\/a>\n\t\t\t\t\t<\/div>\n\n\t\t\t\t\t<div id=\"elementor-tab-content-9981\" class=\"elementor-tab-content elementor-clearfix\" data-tab=\"1\" role=\"region\" aria-labelledby=\"elementor-tab-title-9981\"><p dir=\"auto\"><span>Fond\u00e9 par Olivier Darcq, le cabinet se distingue par son expertise en conseil d&rsquo;entreprise, offrant des services sur mesure pour aider les organisations \u00e0 optimiser leurs performances et \u00e0 atteindre leurs objectifs strat\u00e9giques. En plus de ces services de conseil, Gemelli Consulting est sp\u00e9cialis\u00e9 dans la formation aux normes Qualiopi, un label de qualit\u00e9 essentiel pour les prestataires de formation en France. Le cabinet accompagne les entreprises dans la mise en conformit\u00e9 avec ces normes, garantissant ainsi la qualit\u00e9 des processus de formation.<\/span><\/p><p dir=\"auto\"><span>De plus, Gemelli Consulting propose des services de bilan de comp\u00e9tences, permettant aux individus de faire le point sur leurs comp\u00e9tences professionnelles et personnelles, de d\u00e9finir un projet professionnel coh\u00e9rent et de mettre en place un plan d&rsquo;action pour atteindre leurs objectifs de carri\u00e8re. Leur approche est guid\u00e9e par une exp\u00e9rience solide et une volont\u00e9 d&rsquo;accompagner les entreprises et les particuliers dans leur d\u00e9veloppement et leur conformit\u00e9 aux normes de qualit\u00e9.<\/span><\/p><\/div>\n\t\t\t\t<\/div>\n\t\t\t\t\t\t\t\t<\/div>\n\t\t\t\t\t\t<\/div>\n\t\t\t\t<\/div>\n\t\t\t\t<\/div>\n\t\t\t\t\t<\/div>\n\t\t\t\t<\/div>\n\t\t\t\t<\/div>\n\t\t","protected":false},"excerpt":{"rendered":"<p>Nos partenaires Ils nous font confiance&#8230; Cabinet Gemelli Le Cabinet Gemelli Consulting, situ\u00e9 \u00e0 Nancy, est un acteur cl\u00e9 dans le domaine du conseil et de la formation pour les entreprises. En savoir plus&#8230; Fond\u00e9 par Olivier Darcq, le cabinet se distingue par son expertise en conseil d&rsquo;entreprise, offrant des services sur mesure pour aider les organisations \u00e0 optimiser leurs performances et \u00e0 atteindre leurs objectifs strat\u00e9giques. En plus de ces services de conseil, Gemelli Consulting est sp\u00e9cialis\u00e9 dans la formation aux normes Qualiopi, un label de qualit\u00e9 essentiel pour les prestataires de formation en France. Le cabinet accompagne les entreprises dans la mise en conformit\u00e9 avec ces normes, garantissant ainsi la qualit\u00e9 des processus de formation. De plus, Gemelli Consulting propose des services de bilan de comp\u00e9tences, permettant aux individus de faire le point sur leurs comp\u00e9tences professionnelles et personnelles, de d\u00e9finir un projet professionnel coh\u00e9rent et de mettre en place un plan d&rsquo;action pour atteindre leurs objectifs de carri\u00e8re. Leur approche est guid\u00e9e par une exp\u00e9rience solide et une volont\u00e9 d&rsquo;accompagner les entreprises et les particuliers dans leur d\u00e9veloppement et leur conformit\u00e9 aux normes de qualit\u00e9.<\/p>\n","protected":false},"author":1,"featured_media":0,"parent":0,"menu_order":0,"comment_status":"closed","ping_status":"closed","template":"","meta":{"footnotes":""},"class_list":["post-4727","page","type-page","status-publish","hentry"],"_links":{"self":[{"href":"https:\/\/psmformationconsulting.com\/index.php?rest_route=\/wp\/v2\/pages\/4727","targetHints":{"allow":["GET"]}}],"collection":[{"href":"https:\/\/psmformationconsulting.com\/index.php?rest_route=\/wp\/v2\/pages"}],"about":[{"href":"https:\/\/psmformationconsulting.com\/index.php?rest_route=\/wp\/v2\/types\/page"}],"author":[{"embeddable":true,"href":"https:\/\/psmformationconsulting.com\/index.php?rest_route=\/wp\/v2\/users\/1"}],"replies":[{"embeddable":true,"href":"https:\/\/psmformationconsulting.com\/index.php?rest_route=%2Fwp%2Fv2%2Fcomments&post=4727"}],"version-history":[{"count":52,"href":"https:\/\/psmformationconsulting.com\/index.php?rest_route=\/wp\/v2\/pages\/4727\/revisions"}],"predecessor-version":[{"id":4932,"href":"https:\/\/psmformationconsulting.com\/index.php?rest_route=\/wp\/v2\/pages\/4727\/revisions\/4932"}],"wp:attachment":[{"href":"https:\/\/psmformationconsulting.com\/index.php?rest_route=%2Fwp%2Fv2%2Fmedia&parent=4727"}],"curies":[{"name":"wp","href":"https:\/\/api.w.org\/{rel}","templated":true}]}}