{"id":4840,"date":"2025-03-14T15:44:49","date_gmt":"2025-03-14T14:44:49","guid":{"rendered":"https:\/\/psmformationconsulting.com\/?page_id=4840"},"modified":"2025-03-14T15:47:53","modified_gmt":"2025-03-14T14:47:53","slug":"reglement-interieur","status":"publish","type":"page","link":"https:\/\/psmformationconsulting.com\/?page_id=4840","title":{"rendered":"R\u00e8glement int\u00e9rieur"},"content":{"rendered":"\t\t<div data-elementor-type=\"wp-page\" data-elementor-id=\"4840\" class=\"elementor elementor-4840\">\n\t\t\t\t<div class=\"elementor-element elementor-element-7c08750 e-flex e-con-boxed wpr-particle-no wpr-jarallax-no wpr-parallax-no wpr-equal-height-no e-con e-parent\" data-id=\"7c08750\" data-element_type=\"container\" data-e-type=\"container\" data-settings=\"{&quot;background_background&quot;:&quot;classic&quot;}\">\n\t\t\t\t\t<div class=\"e-con-inner\">\n\t\t\t\t<div class=\"elementor-element elementor-element-61041c1 elementor-invisible elementor-widget elementor-widget-heading\" data-id=\"61041c1\" data-element_type=\"widget\" data-e-type=\"widget\" data-settings=\"{&quot;_animation&quot;:&quot;fadeIn&quot;}\" data-widget_type=\"heading.default\">\n\t\t\t\t<div class=\"elementor-widget-container\">\n\t\t\t\t\t<h1 class=\"elementor-heading-title elementor-size-default\">R\u00e8glement int\u00e9rieur pour les stagiaires en formation<\/h1>\t\t\t\t<\/div>\n\t\t\t\t<\/div>\n\t\t\t\t\t<\/div>\n\t\t\t\t<\/div>\n\t\t<div class=\"elementor-element elementor-element-401f898 e-flex e-con-boxed wpr-particle-no wpr-jarallax-no wpr-parallax-no wpr-equal-height-no e-con e-parent\" data-id=\"401f898\" data-element_type=\"container\" data-e-type=\"container\">\n\t\t\t\t\t<div class=\"e-con-inner\">\n\t\t\t\t<div class=\"elementor-element elementor-element-51cf5ac wpr-button-icon-style-inline wpr-button-icon-position-right elementor-widget elementor-widget-wpr-button\" data-id=\"51cf5ac\" data-element_type=\"widget\" data-e-type=\"widget\" data-widget_type=\"wpr-button.default\">\n\t\t\t\t<div class=\"elementor-widget-container\">\n\t\t\t\t\t\t\n\t\t\t\n\t\t\n\t\t<div class=\"wpr-button-wrap elementor-clearfix\">\n\t\t<a class=\"wpr-button wpr-button-effect wpr-button-none\" data-text=\"\" href=\"https:\/\/docs.google.com\/document\/d\/1GMIHGqf1I1qPuJaXFylLKvhLsw7d7hu0\/edit?usp=sharing&#038;ouid=102043763163211006563&#038;rtpof=true&#038;sd=true\" target=\"_blank\" rel=\"noopener\">\n\t\t\t\n\t\t\t<span class=\"wpr-button-content\">\n\t\t\t\t\t\t\t\t\t<span class=\"wpr-button-text\">T\u00e9l\u00e9charger en PDF<\/span>\n\t\t\t\t\t\t\t\t\n\t\t\t\t\t\t\t\t\t<span class=\"wpr-button-icon\"><svg class=\"e-font-icon-svg e-fas-angle-right\" viewBox=\"0 0 256 512\" xmlns=\"http:\/\/www.w3.org\/2000\/svg\"><path d=\"M224.3 273l-136 136c-9.4 9.4-24.6 9.4-33.9 0l-22.6-22.6c-9.4-9.4-9.4-24.6 0-33.9l96.4-96.4-96.4-96.4c-9.4-9.4-9.4-24.6 0-33.9L54.3 103c9.4-9.4 24.6-9.4 33.9 0l136 136c9.5 9.4 9.5 24.6.1 34z\"><\/path><\/svg><\/span>\n\t\t\t\t\t\t\t<\/span>\n\t\t<\/a>\n\n\t\t\t\t<\/div>\n\t\n\t\n\t\t\t\t\t<\/div>\n\t\t\t\t<\/div>\n\t\t\t\t\t<\/div>\n\t\t\t\t<\/div>\n\t\t<div class=\"elementor-element elementor-element-aa4e28d e-flex e-con-boxed wpr-particle-no wpr-jarallax-no wpr-parallax-no wpr-equal-height-no e-con e-parent\" data-id=\"aa4e28d\" data-element_type=\"container\" data-e-type=\"container\">\n\t\t\t\t\t<div class=\"e-con-inner\">\n\t\t\t\t<div class=\"elementor-element elementor-element-72f1a6d elementor-widget elementor-widget-text-editor\" data-id=\"72f1a6d\" data-element_type=\"widget\" data-e-type=\"widget\" data-widget_type=\"text-editor.default\">\n\t\t\t\t<div class=\"elementor-widget-container\">\n\t\t\t\t\t\t\t\t\t<p><b>ARTICLE 1 : PREAMBULE<\/b><\/p><p><span style=\"font-weight: 400;\">Le pr\u00e9sent r\u00e8glement s&rsquo;applique \u00e0 tous les stagiaires. Chaque stagiaire est cens\u00e9 accepter les termes du pr\u00e9sent contrat lorsqu&rsquo;il suit une formation dispens\u00e9e par PSM FORMATION CONSULTING.<\/span><\/p><p><b>ARTICLE 2 : DISPOSITIONS GENERALES<\/b><\/p><p><span style=\"font-weight: 400;\">Les stagiaires doivent respecter le pr\u00e9sent r\u00e8glement int\u00e9rieur en INTER et INTRA.<\/span><\/p><p><span style=\"font-weight: 400;\">Les stagiaires doivent \u00e9galement respecter le r\u00e8glement int\u00e9rieur de l\u2019\u00e9tablissement t d\u2019accueil pour les formations en INTRA.<\/span><\/p><p><span style=\"font-weight: 400;\">Toute personne en stage doit respecter le pr\u00e9sent r\u00e8glement pour toutes les questions relatives \u00e0 l&rsquo;application de la r\u00e9glementation en mati\u00e8re d&rsquo;hygi\u00e8ne et de s\u00e9curit\u00e9, ainsi que les r\u00e8gles g\u00e9n\u00e9rales et permanentes relatives \u00e0 la discipline.<\/span><\/p><p><b>ARTICLE 3 : CHAMP D\u2019APPLICATION<\/b><\/p><p><span style=\"font-weight: 400;\">Chaque stagiaire doit veiller \u00e0 sa s\u00e9curit\u00e9 personnelle et \u00e0 celle des autres en respectant, en fonction de sa formation, les consignes g\u00e9n\u00e9rales et particuli\u00e8res de s\u00e9curit\u00e9 en vigueur sur les lieux de stage, ainsi qu&rsquo;en mati\u00e8re d&rsquo;hygi\u00e8ne.<\/span><\/p><p><span style=\"font-weight: 400;\">Toutefois, conform\u00e9ment \u00e0 l&rsquo;article R.6352-1 du Code du Travail, lorsque la formation se d\u00e9roule dans une entreprise ou un \u00e9tablissement d\u00e9j\u00e0 dot\u00e9 d&rsquo;un r\u00e8glement int\u00e9rieur, les mesures d&rsquo;hygi\u00e8ne et de s\u00e9curit\u00e9 applicables aux stagiaires sont celles de ce dernier r\u00e8glement.<\/span><\/p><p><span style=\"font-weight: 400;\">Par ailleurs, les stagiaires envoy\u00e9s en entreprise dans le cadre d&rsquo;une formation, sont tenus de se conformer aux mesures d&rsquo;hygi\u00e8ne et de s\u00e9curit\u00e9 fix\u00e9es par le r\u00e8glement int\u00e9rieur de l&rsquo;entreprise.<\/span><\/p><p><b>ARTICLE 4 : MAINTIEN EN BON ETAT DU MATERIEL<\/b><\/p><p><span style=\"font-weight: 400;\">Chaque stagiaire a l&rsquo;obligation de conserver en bon \u00e9tat le mat\u00e9riel qui lui est confi\u00e9 en vue de sa formation. Les stagiaires sont tenus d&rsquo;utiliser le mat\u00e9riel conform\u00e9ment \u00e0 son objet : l&rsquo;utilisation du mat\u00e9riel \u00e0 d&rsquo;autres fins, notamment personnelles est interdit. Suivant la formation suivie, les stagiaires peuvent \u00eatre tenus de consacrer le temps n\u00e9cessaire \u00e0 l&rsquo;entretien ou au nettoyage du mat\u00e9riel.<\/span><\/p><p><b>ARTICLE 5 : UTILISATION DES MACHINES ET DU MATERIEL<\/b><\/p><p><span style=\"font-weight: 400;\">Les outils et les machines mis en place par l\u2019organisme ne doivent \u00eatre utilis\u00e9s qu&rsquo;en pr\u00e9sence d&rsquo;un formateur et sous surveillance.<\/span><\/p><p><span style=\"font-weight: 400;\">Toute anomalie dans le fonctionnement des machines et du mat\u00e9riel et tout incident doivent \u00eatre imm\u00e9diatement signal\u00e9e au formateur qui a en charge la formation suivie.<\/span><\/p><p><b>En cas de formation \u00e0 distance, il est formellement interdit aux stagiaires :<\/b><\/p><ul><li style=\"font-weight: 400;\" aria-level=\"1\"><span style=\"font-weight: 400;\">De communiquer \u00e0 autrui ses codes d\u2019acc\u00e8s personnels \u00e0 la plateforme de formation. (Identifiant et mot de passe),<\/span><\/li><li style=\"font-weight: 400;\" aria-level=\"1\"><span style=\"font-weight: 400;\">D\u2019utiliser le compte d\u2019un autre stagiaire pour suivre une formation,<\/span><\/li><li style=\"font-weight: 400;\" aria-level=\"1\"><span style=\"font-weight: 400;\">De modifier, copier ou diffuser les supports de formation, et d\u2019enregistrer ou de filmer les sessions de formation. La documentation p\u00e9dagogique remise lors des sessions de formation est prot\u00e9g\u00e9e au titre des droits d\u2019auteur et ne peut \u00eatre r\u00e9utilis\u00e9e autrement que pour un strict usage personnel.<\/span><\/li><\/ul><p><b>ARTICLE 6 : INTERDICTION DE FUMER<\/b><\/p><p><span style=\"font-weight: 400;\">En application du d\u00e9cret n\u00b0 92-478 du 29 mai 1992 fixant les conditions d&rsquo;application de l&rsquo;interdiction de fumer dans les lieux affect\u00e9s \u00e0 un usage collectif, il est interdit de fumer dans les salles de cours dispens\u00e9es aux formateurs.<\/span><\/p><p><b>ARTICLE 7 : HORAIRES &#8211; ABSENCE ET RETARDS<\/b><\/p><p><span style=\"font-weight: 400;\">Les horaires de stage sont fix\u00e9s par la Direction ou le responsable de l&rsquo;organisme de formation et port\u00e9s \u00e0 la connaissance des stagiaires soit par voie d&rsquo;affichage, soit \u00e0 l&rsquo;occasion de la remise aux stagiaires du programme de stage. Les stagiaires sont tenus de respecter ces horaires de stage sous peine de l&rsquo;application des dispositions suivantes<\/span><\/p><p><span style=\"font-weight: 400;\">En cas d&rsquo;absence ou de retard au stage, les stagiaires doivent avertir le formateur ou le secr\u00e9tariat de l&rsquo;organisme qui a en charge la formation et s&rsquo;en justifier. Par ailleurs, les stagiaires ne peuvent s&rsquo;absenter pendant les heures de stage, sauf circonstances exceptionnelles pr\u00e9cis\u00e9es par la Direction ou le responsable de l&rsquo;organisme de formation de l&rsquo;organisme.<\/span><\/p><p><span style=\"font-weight: 400;\">Lorsque les stagiaires sont des salari\u00e9s en formation dans le cadre du plan de formation, l&rsquo;organisme doit informer pr\u00e9alablement l&rsquo;entreprise de ces absences. Toute absence ou retard non justifi\u00e9 par des circonstances particuli\u00e8res constitue une faute passible de sanctions disciplinaires.<\/span><\/p><p><span style=\"font-weight: 400;\">En outre, pour les stagiaires demandeurs d&#8217;emploi r\u00e9mun\u00e9r\u00e9s par l&rsquo;\u00c9tat ou une r\u00e9gion, les absences non justifi\u00e9es entra\u00eeneront, en application de l&rsquo;article R 6341-45 du Code du Travail, une retenue de r\u00e9mun\u00e9ration proportionnelle \u00e0 la dur\u00e9e des dites absences.<\/span><\/p><p><span style=\"font-weight: 400;\">Par ailleurs, les stagiaires sont tenus de remplir ou signer obligatoirement et r\u00e9guli\u00e8rement, au fur et \u00e0 mesure du d\u00e9roulement de l&rsquo;action, l&rsquo;attestation de pr\u00e9sence, et en fin de stage le bilan de formation ainsi que l&rsquo;attestation de suivi de stage.<\/span><\/p><p><b>ARTICLE 8 : SANCTION<\/b><\/p><p><span style=\"font-weight: 400;\">Tout manquement du stagiaire \u00e0 l&rsquo;une des prescriptions du pr\u00e9sent r\u00e8glement int\u00e9rieur pourra faire l&rsquo;objet d&rsquo;une sanction. Constitue une sanction au sens de l&rsquo;article R 6352-3 du Code du Travail toute mesure, autre que les observations verbales, prises par le responsable de l&rsquo;organisme de formation de l&rsquo;organisme de formation ou son repr\u00e9sentant, \u00e0 la suite d&rsquo;un agissement du stagiaire consid\u00e9r\u00e9 par lui comme fautif, que cette mesure soit de nature \u00e0 affecter imm\u00e9diatement ou non la pr\u00e9sence de l&rsquo;int\u00e9ress\u00e9 dans le stage ou \u00e0 mettre en cause la continuit\u00e9 de la formation qu&rsquo;il re\u00e7oit. Selon la gravit\u00e9 du manquement constat\u00e9, la sanction pourra consister :<\/span><\/p><p><span style=\"font-weight: 400;\">Soit en un avertissement ; Soit en un bl\u00e2me ou un rappel \u00e0 l\u2019ordre ;<\/span><\/p><p><span style=\"font-weight: 400;\">Soit en une mesure d&rsquo;exclusion d\u00e9finitive (il est rappel\u00e9 que dans la convention pass\u00e9e par l&rsquo;organisme avec l&rsquo;\u00c9tat ou la R\u00e9gion, des dispositions particuli\u00e8res sont d\u00e9finies en cas d&rsquo;application des sanctions \u00e9nonc\u00e9es ci-dessus). Les amendes ou autres sanctions p\u00e9cuniaires sont interdites. Le responsable de l&rsquo;organisme de formation de l&rsquo;organisme doit informer de la sanction prise l&#8217;employeur, lorsque le stagiaire est un salari\u00e9 b\u00e9n\u00e9ficiant d&rsquo;un stage dans le cadre du plan de formation en entreprise ;<\/span><\/p><p><span style=\"font-weight: 400;\">L&#8217;employeur et l&rsquo;organisme paritaire qui a pris \u00e0 sa charge les d\u00e9penses de la formation, lorsque le stagiaire est un salari\u00e9 b\u00e9n\u00e9ficiant d&rsquo;un stage dans le cadre d&rsquo;un cong\u00e9 de formation.<\/span><\/p><p><b>ARTICLE 9 : PROCEDURE DISCIPLINAIRE<\/b><\/p><p><span style=\"font-weight: 400;\">Les dispositions qui suivent constituent la reprise des articles R 6352-4 \u00e0 R 6352-8 du Code du Travail.<\/span><\/p><p><span style=\"font-weight: 400;\">Aucune sanction ne peut \u00eatre inflig\u00e9e au stagiaire sans que celui-ci ait \u00e9t\u00e9 inform\u00e9 au pr\u00e9alable des griefs retenus contre lui.<\/span><\/p><p><span style=\"font-weight: 400;\">Lorsque le responsable de l&rsquo;organisme de formation ou son repr\u00e9sentant envisagent de prendre une sanction qui a une incidence, imm\u00e9diate ou non, sur la pr\u00e9sence d&rsquo;un stagiaire dans une formation, il est proc\u00e9d\u00e9 ainsi qu&rsquo;il suit :<\/span><\/p><p><span style=\"font-weight: 400;\">Le responsable de l&rsquo;organisme de formation ou son repr\u00e9sentant convoque le stagiaire en lui indiquant l&rsquo;objet de cette convocation.<\/span><\/p><p><span style=\"font-weight: 400;\">Celle-ci pr\u00e9cise la date, l&rsquo;heure et le lieu de l&rsquo;entretien. Elle est \u00e9crite et est adress\u00e9e par lettre recommand\u00e9e ou remise \u00e0 l&rsquo;int\u00e9ress\u00e9 contre d\u00e9charge.<\/span><\/p><p><span style=\"font-weight: 400;\">Au cours de l&rsquo;entretien, le stagiaire peut se faire assister par une personne de son choix, stagiaire ou salari\u00e9 de l&rsquo;organisme de formation.<\/span><\/p><p><span style=\"font-weight: 400;\">La convocation mentionn\u00e9e \u00e0 l&rsquo;alin\u00e9a pr\u00e9c\u00e9dent fait \u00e9tat de cette facult\u00e9. Le responsable de l&rsquo;organisme de formation ou son repr\u00e9sentant indique le motif de la sanction envisag\u00e9e et recueille les explications du stagiaire. Dans le cas o\u00f9 une exclusion d\u00e9finitive du stage est envisag\u00e9e et o\u00f9 il existe un conseil de perfectionnement, celui-ci est constitu\u00e9 en commission de discipline, o\u00f9 si\u00e8gent les repr\u00e9sentants des stagiaires.<\/span><\/p><p><span style=\"font-weight: 400;\">Il est saisi par le responsable de l&rsquo;organisme de formation ou son repr\u00e9sentant apr\u00e8s l&rsquo;entretien susvis\u00e9 et formule un avis sur la mesure d&rsquo;exclusion envisag\u00e9e.<\/span><\/p><p><span style=\"font-weight: 400;\">Le stagiaire est avis\u00e9 de cette saisine. Il est entendu sur sa demande par la commission de discipline. Il peut, dans ce cas, \u00eatre assist\u00e9 par une personne de son choix, stagiaire ou salari\u00e9 de l&rsquo;organisme. La commission de discipline transmet son avis au Directeur de l&rsquo;organisme dans le d\u00e9lai d&rsquo;un jour franc apr\u00e8s sa r\u00e9union.<\/span><\/p><p><span style=\"font-weight: 400;\">La sanction ne peut intervenir moins d&rsquo;un jour franc ni plus de quinze jours apr\u00e8s l&rsquo;entretien ou, le cas \u00e9ch\u00e9ant, apr\u00e8s la transmission de l&rsquo;avis de la commission de discipline. Elle fait l&rsquo;objet d&rsquo;une d\u00e9cision \u00e9crite et motiv\u00e9e, notifi\u00e9e au stagiaire sous la forme d&rsquo;une lettre qui lui est remise contre d\u00e9charge ou d&rsquo;une lettre recommand\u00e9e.<\/span><\/p><p><span style=\"font-weight: 400;\">Lorsque l&rsquo;agissement a donn\u00e9 lieu \u00e0 une sanction imm\u00e9diate (exclusion, mise \u00e0 pied), aucune sanction d\u00e9finitive, relative \u00e0 cet agissement ne peut \u00eatre prise sans que le stagiaire ait \u00e9t\u00e9 inform\u00e9 au pr\u00e9alable des griefs retenus contre lui et \u00e9ventuellement que la proc\u00e9dure ci-dessus d\u00e9crite ait \u00e9t\u00e9 respect\u00e9e.<\/span><\/p><p><b>ARTICLE 10 : ENTREE EN APPLICATION<\/b><\/p><p><span style=\"font-weight: 400;\">Le pr\u00e9sent r\u00e8glement est remis au stagiaire avant la session de formation.<\/span><\/p><p><span style=\"font-weight: 400;\">Le stagiaire devra attester qu\u2019il a lu le r\u00e8glement int\u00e9rieur en le pr\u00e9cisant sur la feuille d\u2019\u00e9margement.<\/span><\/p>\t\t\t\t\t\t\t\t<\/div>\n\t\t\t\t<\/div>\n\t\t\t\t\t<\/div>\n\t\t\t\t<\/div>\n\t\t\t\t<\/div>\n\t\t","protected":false},"excerpt":{"rendered":"<p>R\u00e8glement int\u00e9rieur pour les stagiaires en formation T\u00e9l\u00e9charger en PDF ARTICLE 1 : PREAMBULE Le pr\u00e9sent r\u00e8glement s&rsquo;applique \u00e0 tous les stagiaires. Chaque stagiaire est cens\u00e9 accepter les termes du pr\u00e9sent contrat lorsqu&rsquo;il suit une formation dispens\u00e9e par PSM FORMATION CONSULTING. ARTICLE 2 : DISPOSITIONS GENERALES Les stagiaires doivent respecter le pr\u00e9sent r\u00e8glement int\u00e9rieur en INTER et INTRA. Les stagiaires doivent \u00e9galement respecter le r\u00e8glement int\u00e9rieur de l\u2019\u00e9tablissement t d\u2019accueil pour les formations en INTRA. Toute personne en stage doit respecter le pr\u00e9sent r\u00e8glement pour toutes les questions relatives \u00e0 l&rsquo;application de la r\u00e9glementation en mati\u00e8re d&rsquo;hygi\u00e8ne et de s\u00e9curit\u00e9, ainsi que les r\u00e8gles g\u00e9n\u00e9rales et permanentes relatives \u00e0 la discipline. ARTICLE 3 : CHAMP D\u2019APPLICATION Chaque stagiaire doit veiller \u00e0 sa s\u00e9curit\u00e9 personnelle et \u00e0 celle des autres en respectant, en fonction de sa formation, les consignes g\u00e9n\u00e9rales et particuli\u00e8res de s\u00e9curit\u00e9 en vigueur sur les lieux de stage, ainsi qu&rsquo;en mati\u00e8re d&rsquo;hygi\u00e8ne. Toutefois, conform\u00e9ment \u00e0 l&rsquo;article R.6352-1 du Code du Travail, lorsque la formation se d\u00e9roule dans une entreprise ou un \u00e9tablissement d\u00e9j\u00e0 dot\u00e9 d&rsquo;un r\u00e8glement int\u00e9rieur, les mesures d&rsquo;hygi\u00e8ne et de s\u00e9curit\u00e9 applicables aux stagiaires sont celles de ce dernier r\u00e8glement. Par ailleurs, les stagiaires envoy\u00e9s en entreprise dans le cadre d&rsquo;une formation, sont tenus de se conformer aux mesures d&rsquo;hygi\u00e8ne et de s\u00e9curit\u00e9 fix\u00e9es par le r\u00e8glement int\u00e9rieur de l&rsquo;entreprise. ARTICLE 4 : MAINTIEN EN BON ETAT DU MATERIEL Chaque stagiaire a l&rsquo;obligation de conserver en bon \u00e9tat le mat\u00e9riel qui lui est confi\u00e9 en vue de sa formation. Les stagiaires sont tenus d&rsquo;utiliser le mat\u00e9riel conform\u00e9ment \u00e0 son objet : l&rsquo;utilisation du mat\u00e9riel \u00e0 d&rsquo;autres fins, notamment personnelles est interdit. Suivant la formation suivie, les stagiaires peuvent \u00eatre tenus de consacrer le temps n\u00e9cessaire \u00e0 l&rsquo;entretien ou au nettoyage du mat\u00e9riel. ARTICLE 5 : UTILISATION DES MACHINES ET DU MATERIEL Les outils et les machines mis en place par l\u2019organisme ne doivent \u00eatre utilis\u00e9s qu&rsquo;en pr\u00e9sence d&rsquo;un formateur et sous surveillance. Toute anomalie dans le fonctionnement des machines et du mat\u00e9riel et tout incident doivent \u00eatre imm\u00e9diatement signal\u00e9e au formateur qui a en charge la formation suivie. En cas de formation \u00e0 distance, il est formellement interdit aux stagiaires : De communiquer \u00e0 autrui ses codes d\u2019acc\u00e8s personnels \u00e0 la plateforme de formation. (Identifiant et mot de passe), D\u2019utiliser le compte d\u2019un autre stagiaire pour suivre une formation, De modifier, copier ou diffuser les supports de formation, et d\u2019enregistrer ou de filmer les sessions de formation. La documentation p\u00e9dagogique remise lors des sessions de formation est prot\u00e9g\u00e9e au titre des droits d\u2019auteur et ne peut \u00eatre r\u00e9utilis\u00e9e autrement que pour un strict usage personnel. ARTICLE 6 : INTERDICTION DE FUMER En application du d\u00e9cret n\u00b0 92-478 du 29 mai 1992 fixant les conditions d&rsquo;application de l&rsquo;interdiction de fumer dans les lieux affect\u00e9s \u00e0 un usage collectif, il est interdit de fumer dans les salles de cours dispens\u00e9es aux formateurs. ARTICLE 7 : HORAIRES &#8211; ABSENCE ET RETARDS Les horaires de stage sont fix\u00e9s par la Direction ou le responsable de l&rsquo;organisme de formation et port\u00e9s \u00e0 la connaissance des stagiaires soit par voie d&rsquo;affichage, soit \u00e0 l&rsquo;occasion de la remise aux stagiaires du programme de stage. Les stagiaires sont tenus de respecter ces horaires de stage sous peine de l&rsquo;application des dispositions suivantes En cas d&rsquo;absence ou de retard au stage, les stagiaires doivent avertir le formateur ou le secr\u00e9tariat de l&rsquo;organisme qui a en charge la formation et s&rsquo;en justifier. Par ailleurs, les stagiaires ne peuvent s&rsquo;absenter pendant les heures de stage, sauf circonstances exceptionnelles pr\u00e9cis\u00e9es par la Direction ou le responsable de l&rsquo;organisme de formation de l&rsquo;organisme. Lorsque les stagiaires sont des salari\u00e9s en formation dans le cadre du plan de formation, l&rsquo;organisme doit informer pr\u00e9alablement l&rsquo;entreprise de ces absences. Toute absence ou retard non justifi\u00e9 par des circonstances particuli\u00e8res constitue une faute passible de sanctions disciplinaires. En outre, pour les stagiaires demandeurs d&#8217;emploi r\u00e9mun\u00e9r\u00e9s par l&rsquo;\u00c9tat ou une r\u00e9gion, les absences non justifi\u00e9es entra\u00eeneront, en application de l&rsquo;article R 6341-45 du Code du Travail, une retenue de r\u00e9mun\u00e9ration proportionnelle \u00e0 la dur\u00e9e des dites absences. Par ailleurs, les stagiaires sont tenus de remplir ou signer obligatoirement et r\u00e9guli\u00e8rement, au fur et \u00e0 mesure du d\u00e9roulement de l&rsquo;action, l&rsquo;attestation de pr\u00e9sence, et en fin de stage le bilan de formation ainsi que l&rsquo;attestation de suivi de stage. ARTICLE 8 : SANCTION Tout manquement du stagiaire \u00e0 l&rsquo;une des prescriptions du pr\u00e9sent r\u00e8glement int\u00e9rieur pourra faire l&rsquo;objet d&rsquo;une sanction. Constitue une sanction au sens de l&rsquo;article R 6352-3 du Code du Travail toute mesure, autre que les observations verbales, prises par le responsable de l&rsquo;organisme de formation de l&rsquo;organisme de formation ou son repr\u00e9sentant, \u00e0 la suite d&rsquo;un agissement du stagiaire consid\u00e9r\u00e9 par lui comme fautif, que cette mesure soit de nature \u00e0 affecter imm\u00e9diatement ou non la pr\u00e9sence de l&rsquo;int\u00e9ress\u00e9 dans le stage ou \u00e0 mettre en cause la continuit\u00e9 de la formation qu&rsquo;il re\u00e7oit. Selon la gravit\u00e9 du manquement constat\u00e9, la sanction pourra consister : Soit en un avertissement ; Soit en un bl\u00e2me ou un rappel \u00e0 l\u2019ordre ; Soit en une mesure d&rsquo;exclusion d\u00e9finitive (il est rappel\u00e9 que dans la convention pass\u00e9e par l&rsquo;organisme avec l&rsquo;\u00c9tat ou la R\u00e9gion, des dispositions particuli\u00e8res sont d\u00e9finies en cas d&rsquo;application des sanctions \u00e9nonc\u00e9es ci-dessus). Les amendes ou autres sanctions p\u00e9cuniaires sont interdites. Le responsable de l&rsquo;organisme de formation de l&rsquo;organisme doit informer de la sanction prise l&#8217;employeur, lorsque le stagiaire est un salari\u00e9 b\u00e9n\u00e9ficiant d&rsquo;un stage dans le cadre du plan de formation en entreprise ; L&#8217;employeur et l&rsquo;organisme paritaire qui a pris \u00e0 sa charge les d\u00e9penses de la formation, lorsque le stagiaire est un salari\u00e9 b\u00e9n\u00e9ficiant d&rsquo;un stage dans le cadre d&rsquo;un cong\u00e9 de formation. ARTICLE 9 : PROCEDURE DISCIPLINAIRE Les dispositions qui suivent constituent la reprise des articles R 6352-4 \u00e0 R 6352-8 du Code du Travail. Aucune sanction ne peut \u00eatre inflig\u00e9e au stagiaire sans que celui-ci ait \u00e9t\u00e9 inform\u00e9 au pr\u00e9alable des griefs retenus contre lui. Lorsque<\/p>\n","protected":false},"author":1,"featured_media":0,"parent":0,"menu_order":0,"comment_status":"closed","ping_status":"closed","template":"","meta":{"footnotes":""},"class_list":["post-4840","page","type-page","status-publish","hentry"],"_links":{"self":[{"href":"https:\/\/psmformationconsulting.com\/index.php?rest_route=\/wp\/v2\/pages\/4840","targetHints":{"allow":["GET"]}}],"collection":[{"href":"https:\/\/psmformationconsulting.com\/index.php?rest_route=\/wp\/v2\/pages"}],"about":[{"href":"https:\/\/psmformationconsulting.com\/index.php?rest_route=\/wp\/v2\/types\/page"}],"author":[{"embeddable":true,"href":"https:\/\/psmformationconsulting.com\/index.php?rest_route=\/wp\/v2\/users\/1"}],"replies":[{"embeddable":true,"href":"https:\/\/psmformationconsulting.com\/index.php?rest_route=%2Fwp%2Fv2%2Fcomments&post=4840"}],"version-history":[{"count":4,"href":"https:\/\/psmformationconsulting.com\/index.php?rest_route=\/wp\/v2\/pages\/4840\/revisions"}],"predecessor-version":[{"id":4844,"href":"https:\/\/psmformationconsulting.com\/index.php?rest_route=\/wp\/v2\/pages\/4840\/revisions\/4844"}],"wp:attachment":[{"href":"https:\/\/psmformationconsulting.com\/index.php?rest_route=%2Fwp%2Fv2%2Fmedia&parent=4840"}],"curies":[{"name":"wp","href":"https:\/\/api.w.org\/{rel}","templated":true}]}}