{"id":680,"date":"2024-06-10T11:47:22","date_gmt":"2024-06-10T11:47:22","guid":{"rendered":"https:\/\/demosites.royal-elementor-addons.com\/business-consulting-v2\/?page_id=680"},"modified":"2026-03-15T06:22:20","modified_gmt":"2026-03-15T05:22:20","slug":"a-propos-de-psm-formation-consulting","status":"publish","type":"page","link":"https:\/\/psmformationconsulting.com\/?page_id=680","title":{"rendered":"\u00c0 propos"},"content":{"rendered":"\t\t<div data-elementor-type=\"wp-page\" data-elementor-id=\"680\" class=\"elementor elementor-680\">\n\t\t\t\t<div class=\"elementor-element elementor-element-feaea28 e-flex e-con-boxed wpr-particle-no wpr-jarallax-no wpr-parallax-no wpr-equal-height-no e-con e-parent\" data-id=\"feaea28\" data-element_type=\"container\" data-e-type=\"container\" data-settings=\"{&quot;background_background&quot;:&quot;classic&quot;}\">\n\t\t\t\t\t<div class=\"e-con-inner\">\n\t\t\t\t<div class=\"elementor-element elementor-element-c6c8ecf elementor-widget elementor-widget-heading\" data-id=\"c6c8ecf\" data-element_type=\"widget\" data-e-type=\"widget\" data-widget_type=\"heading.default\">\n\t\t\t\t<div class=\"elementor-widget-container\">\n\t\t\t\t\t<h2 class=\"elementor-heading-title elementor-size-default\">\u00c0 propos<\/h2>\t\t\t\t<\/div>\n\t\t\t\t<\/div>\n\t\t\t\t<div class=\"elementor-element elementor-element-9efd848 elementor-hidden-desktop elementor-hidden-tablet elementor-hidden-mobile elementor-widget elementor-widget-heading\" data-id=\"9efd848\" data-element_type=\"widget\" data-e-type=\"widget\" data-widget_type=\"heading.default\">\n\t\t\t\t<div class=\"elementor-widget-container\">\n\t\t\t\t\t<h1 class=\"elementor-heading-title elementor-size-default\">\u00c0 propos de PSM Formation Consulting<\/h1>\t\t\t\t<\/div>\n\t\t\t\t<\/div>\n\t\t\t\t\t<\/div>\n\t\t\t\t<\/div>\n\t\t<div class=\"elementor-element elementor-element-d63aa97 e-flex e-con-boxed wpr-particle-no wpr-jarallax-no wpr-parallax-no wpr-equal-height-no e-con e-parent\" data-id=\"d63aa97\" data-element_type=\"container\" data-e-type=\"container\">\n\t\t\t\t\t<div class=\"e-con-inner\">\n\t\t<div class=\"elementor-element elementor-element-a75535b e-grid e-con-boxed wpr-particle-no wpr-jarallax-no wpr-parallax-no wpr-equal-height-no e-con e-child\" data-id=\"a75535b\" data-element_type=\"container\" data-e-type=\"container\">\n\t\t\t\t\t<div class=\"e-con-inner\">\n\t\t\t\t<div class=\"elementor-element elementor-element-c4ea536 elementor-position-top elementor-invisible elementor-widget elementor-widget-image-box\" data-id=\"c4ea536\" data-element_type=\"widget\" data-e-type=\"widget\" data-settings=\"{&quot;_animation&quot;:&quot;zoomIn&quot;}\" data-widget_type=\"image-box.default\">\n\t\t\t\t<div class=\"elementor-widget-container\">\n\t\t\t\t\t<div class=\"elementor-image-box-wrapper\"><figure class=\"elementor-image-box-img\"><img fetchpriority=\"high\" decoding=\"async\" width=\"400\" height=\"400\" src=\"https:\/\/psmformationconsulting.com\/wp-content\/uploads\/2024\/06\/Icons-1-1.png\" class=\"attachment-full size-full wp-image-555\" alt=\"Icons 1\" srcset=\"https:\/\/psmformationconsulting.com\/wp-content\/uploads\/2024\/06\/Icons-1-1.png 400w, https:\/\/psmformationconsulting.com\/wp-content\/uploads\/2024\/06\/Icons-1-1-300x300.png 300w, https:\/\/psmformationconsulting.com\/wp-content\/uploads\/2024\/06\/Icons-1-1-150x150.png 150w\" sizes=\"(max-width: 400px) 100vw, 400px\" \/><\/figure><div class=\"elementor-image-box-content\"><h3 class=\"elementor-image-box-title\">Planification Strat\u00e9gique<\/h3><p class=\"elementor-image-box-description\">D\u00e9velopper des strat\u00e9gies solides pour atteindre vos objectifs professionnels et maximiser vos performances \u00e0 long terme.<\/p><\/div><\/div>\t\t\t\t<\/div>\n\t\t\t\t<\/div>\n\t\t\t\t<div class=\"elementor-element elementor-element-65835a0 elementor-position-top elementor-invisible elementor-widget elementor-widget-image-box\" data-id=\"65835a0\" data-element_type=\"widget\" data-e-type=\"widget\" data-settings=\"{&quot;_animation&quot;:&quot;zoomIn&quot;,&quot;_animation_delay&quot;:100}\" data-widget_type=\"image-box.default\">\n\t\t\t\t<div class=\"elementor-widget-container\">\n\t\t\t\t\t<div class=\"elementor-image-box-wrapper\"><figure class=\"elementor-image-box-img\"><img decoding=\"async\" width=\"400\" height=\"400\" src=\"https:\/\/psmformationconsulting.com\/wp-content\/uploads\/2024\/06\/Icons-1-4.png\" class=\"attachment-full size-full wp-image-558\" alt=\"Icons 4\" srcset=\"https:\/\/psmformationconsulting.com\/wp-content\/uploads\/2024\/06\/Icons-1-4.png 400w, https:\/\/psmformationconsulting.com\/wp-content\/uploads\/2024\/06\/Icons-1-4-300x300.png 300w, https:\/\/psmformationconsulting.com\/wp-content\/uploads\/2024\/06\/Icons-1-4-150x150.png 150w\" sizes=\"(max-width: 400px) 100vw, 400px\" \/><\/figure><div class=\"elementor-image-box-content\"><h3 class=\"elementor-image-box-title\">Analyse de March\u00e9<\/h3><p class=\"elementor-image-box-description\">Nos formations vous permettent de prendre des d\u00e9cisions \u00e9clair\u00e9es bas\u00e9es sur des donn\u00e9es pr\u00e9cises et pertinentes.<\/p><\/div><\/div>\t\t\t\t<\/div>\n\t\t\t\t<\/div>\n\t\t\t\t<div class=\"elementor-element elementor-element-b795ba2 elementor-position-top elementor-invisible elementor-widget elementor-widget-image-box\" data-id=\"b795ba2\" data-element_type=\"widget\" data-e-type=\"widget\" data-settings=\"{&quot;_animation&quot;:&quot;zoomIn&quot;,&quot;_animation_delay&quot;:200}\" data-widget_type=\"image-box.default\">\n\t\t\t\t<div class=\"elementor-widget-container\">\n\t\t\t\t\t<div class=\"elementor-image-box-wrapper\"><figure class=\"elementor-image-box-img\"><img fetchpriority=\"high\" decoding=\"async\" width=\"400\" height=\"400\" src=\"https:\/\/psmformationconsulting.com\/wp-content\/uploads\/2024\/06\/Icons-1-1.png\" class=\"attachment-full size-full wp-image-555\" alt=\"Icons 1\" srcset=\"https:\/\/psmformationconsulting.com\/wp-content\/uploads\/2024\/06\/Icons-1-1.png 400w, https:\/\/psmformationconsulting.com\/wp-content\/uploads\/2024\/06\/Icons-1-1-300x300.png 300w, https:\/\/psmformationconsulting.com\/wp-content\/uploads\/2024\/06\/Icons-1-1-150x150.png 150w\" sizes=\"(max-width: 400px) 100vw, 400px\" \/><\/figure><div class=\"elementor-image-box-content\"><h3 class=\"elementor-image-box-title\">Expertise Certifi\u00e9e<\/h3><p class=\"elementor-image-box-description\">Experts reconnus dans leurs domaines, avec une solide exp\u00e9rience pratique pour garantir des formations de qualit\u00e9.<\/p><\/div><\/div>\t\t\t\t<\/div>\n\t\t\t\t<\/div>\n\t\t\t\t<div class=\"elementor-element elementor-element-7d08515 elementor-position-top elementor-invisible elementor-widget elementor-widget-image-box\" data-id=\"7d08515\" data-element_type=\"widget\" data-e-type=\"widget\" data-settings=\"{&quot;_animation&quot;:&quot;zoomIn&quot;,&quot;_animation_delay&quot;:300}\" data-widget_type=\"image-box.default\">\n\t\t\t\t<div class=\"elementor-widget-container\">\n\t\t\t\t\t<div class=\"elementor-image-box-wrapper\"><figure class=\"elementor-image-box-img\"><img decoding=\"async\" width=\"400\" height=\"400\" src=\"https:\/\/psmformationconsulting.com\/wp-content\/uploads\/2024\/06\/Icons-1-6.png\" class=\"attachment-full size-full wp-image-560\" alt=\"Icons 6\" srcset=\"https:\/\/psmformationconsulting.com\/wp-content\/uploads\/2024\/06\/Icons-1-6.png 400w, https:\/\/psmformationconsulting.com\/wp-content\/uploads\/2024\/06\/Icons-1-6-300x300.png 300w, https:\/\/psmformationconsulting.com\/wp-content\/uploads\/2024\/06\/Icons-1-6-150x150.png 150w\" sizes=\"(max-width: 400px) 100vw, 400px\" \/><\/figure><div class=\"elementor-image-box-content\"><h3 class=\"elementor-image-box-title\">Formations Personnalis\u00e9es<\/h3><p class=\"elementor-image-box-description\">Nous adaptons nos formations aux besoins sp\u00e9cifiques de votre entreprise.<\/p><\/div><\/div>\t\t\t\t<\/div>\n\t\t\t\t<\/div>\n\t\t\t\t\t<\/div>\n\t\t\t\t<\/div>\n\t\t\t\t\t<\/div>\n\t\t\t\t<\/div>\n\t\t<div class=\"elementor-element elementor-element-d6e01c2 e-flex e-con-boxed wpr-particle-no wpr-jarallax-no wpr-parallax-no wpr-equal-height-no e-con e-parent\" data-id=\"d6e01c2\" data-element_type=\"container\" data-e-type=\"container\">\n\t\t\t\t\t<div class=\"e-con-inner\">\n\t\t<div class=\"elementor-element elementor-element-402d7b3 e-flex e-con-boxed wpr-particle-no wpr-jarallax-no wpr-parallax-no wpr-equal-height-no e-con e-child\" data-id=\"402d7b3\" data-element_type=\"container\" data-e-type=\"container\">\n\t\t\t\t\t<div class=\"e-con-inner\">\n\t\t<div class=\"elementor-element elementor-element-1266298 e-flex e-con-boxed wpr-particle-no wpr-jarallax-no wpr-parallax-no wpr-equal-height-no elementor-invisible e-con e-child\" data-id=\"1266298\" data-element_type=\"container\" data-e-type=\"container\" data-settings=\"{&quot;animation&quot;:&quot;slideInRight&quot;}\">\n\t\t\t\t\t<div class=\"e-con-inner\">\n\t\t\t\t<div class=\"elementor-element elementor-element-24cdf29 elementor-widget elementor-widget-heading\" data-id=\"24cdf29\" data-element_type=\"widget\" data-e-type=\"widget\" data-widget_type=\"heading.default\">\n\t\t\t\t<div class=\"elementor-widget-container\">\n\t\t\t\t\t<h2 class=\"elementor-heading-title elementor-size-default\">Notre Mission et Vision avec une \u00c9quipe de Professionnels<\/h2>\t\t\t\t<\/div>\n\t\t\t\t<\/div>\n\t\t\t\t<div class=\"elementor-element elementor-element-735e828 elementor-widget elementor-widget-text-editor\" data-id=\"735e828\" data-element_type=\"widget\" data-e-type=\"widget\" data-widget_type=\"text-editor.default\">\n\t\t\t\t<div class=\"elementor-widget-container\">\n\t\t\t\t\t\t\t\t\t<p>Chez PSM Formation Consulting, notre mission est de fournir des formations de qualit\u00e9 qui aident les entreprises \u00e0 se d\u00e9velopper et \u00e0 prosp\u00e9rer dans un environnement en constante \u00e9volution. Nous croyons fermement que chaque organisation m\u00e9rite des solutions sur mesure pour r\u00e9pondre \u00e0 ses besoins sp\u00e9cifiques.<\/p>\t\t\t\t\t\t\t\t<\/div>\n\t\t\t\t<\/div>\n\t\t\t\t<div class=\"elementor-element elementor-element-b5188d2 elementor-widget elementor-widget-text-editor\" data-id=\"b5188d2\" data-element_type=\"widget\" data-e-type=\"widget\" data-widget_type=\"text-editor.default\">\n\t\t\t\t<div class=\"elementor-widget-container\">\n\t\t\t\t\t\t\t\t\t<p>Notre vision est de devenir un leader reconnu dans le domaine de la formation professionnelle, en apportant des solutions innovantes et en cr\u00e9ant des impacts durables sur la performance des entreprises.<\/p>\t\t\t\t\t\t\t\t<\/div>\n\t\t\t\t<\/div>\n\t\t\t\t<div class=\"elementor-element elementor-element-0685dbe elementor-vertical-align-middle elementor-position-left elementor-widget elementor-widget-image-box\" data-id=\"0685dbe\" data-element_type=\"widget\" data-e-type=\"widget\" data-widget_type=\"image-box.default\">\n\t\t\t\t<div class=\"elementor-widget-container\">\n\t\t\t\t\t<div class=\"elementor-image-box-wrapper\"><figure class=\"elementor-image-box-img\"><img decoding=\"async\" src=\"https:\/\/psmformationconsulting.com\/wp-content\/uploads\/elementor\/thumbs\/Capture-decran-2024-09-11-002148-qtx872rrtsu5v60kmpxsf326gos4wqjtzi1k6nnjxc.png\" title=\"nelson milheu\" alt=\"nelson milheu\" loading=\"lazy\" \/><\/figure><div class=\"elementor-image-box-content\"><h3 class=\"elementor-image-box-title\">Nelson Milheu<\/h3><p class=\"elementor-image-box-description\">Fondateur et directeur g\u00e9n\u00e9ral<\/p><\/div><\/div>\t\t\t\t<\/div>\n\t\t\t\t<\/div>\n\t\t\t\t<div class=\"elementor-element elementor-element-06a79e7 elementor-widget elementor-widget-image\" data-id=\"06a79e7\" data-element_type=\"widget\" data-e-type=\"widget\" data-widget_type=\"image.default\">\n\t\t\t\t<div class=\"elementor-widget-container\">\n\t\t\t\t\t\t\t\t\t\t\t\t\t\t\t<img loading=\"lazy\" decoding=\"async\" width=\"325\" height=\"97\" src=\"https:\/\/psmformationconsulting.com\/wp-content\/uploads\/2024\/10\/Capture-decran-2024-10-09-100454.png\" class=\"attachment-full size-full wp-image-3400\" alt=\"signature nelson milheu\" srcset=\"https:\/\/psmformationconsulting.com\/wp-content\/uploads\/2024\/10\/Capture-decran-2024-10-09-100454.png 325w, https:\/\/psmformationconsulting.com\/wp-content\/uploads\/2024\/10\/Capture-decran-2024-10-09-100454-300x90.png 300w\" sizes=\"(max-width: 325px) 100vw, 325px\" \/>\t\t\t\t\t\t\t\t\t\t\t\t\t\t\t<\/div>\n\t\t\t\t<\/div>\n\t\t\t\t\t<\/div>\n\t\t\t\t<\/div>\n\t\t\t\t\t<\/div>\n\t\t\t\t<\/div>\n\t\t\t\t\t<\/div>\n\t\t\t\t<\/div>\n\t\t<div class=\"elementor-element elementor-element-dbb5d9d e-flex e-con-boxed wpr-particle-no wpr-jarallax-no wpr-parallax-no wpr-equal-height-no e-con e-parent\" data-id=\"dbb5d9d\" data-element_type=\"container\" data-e-type=\"container\" data-settings=\"{&quot;background_background&quot;:&quot;classic&quot;}\">\n\t\t\t\t\t<div class=\"e-con-inner\">\n\t\t<div class=\"elementor-element elementor-element-bbf776a e-flex e-con-boxed wpr-particle-no wpr-jarallax-no wpr-parallax-no wpr-equal-height-no e-con e-child\" data-id=\"bbf776a\" data-element_type=\"container\" data-e-type=\"container\">\n\t\t\t\t\t<div class=\"e-con-inner\">\n\t\t<div class=\"elementor-element elementor-element-3ccf4eb e-flex e-con-boxed wpr-particle-no wpr-jarallax-no wpr-parallax-no wpr-equal-height-no e-con e-child\" data-id=\"3ccf4eb\" data-element_type=\"container\" data-e-type=\"container\">\n\t\t\t\t\t<div class=\"e-con-inner\">\n\t\t\t\t<div class=\"elementor-element elementor-element-4e8d3f9 elementor-widget elementor-widget-heading\" data-id=\"4e8d3f9\" data-element_type=\"widget\" data-e-type=\"widget\" data-widget_type=\"heading.default\">\n\t\t\t\t<div class=\"elementor-widget-container\">\n\t\t\t\t\t<h2 class=\"elementor-heading-title elementor-size-default\">R\u00e9alisations de l'Entreprise\n<\/h2>\t\t\t\t<\/div>\n\t\t\t\t<\/div>\n\t\t\t\t<div class=\"elementor-element elementor-element-993ef96 elementor-widget elementor-widget-text-editor\" data-id=\"993ef96\" data-element_type=\"widget\" data-e-type=\"widget\" data-widget_type=\"text-editor.default\">\n\t\t\t\t<div class=\"elementor-widget-container\">\n\t\t\t\t\t\t\t\t\t<p>Chaque \u00e9tape de notre parcours refl\u00e8te notre engagement \u00e0 fournir des formations de qualit\u00e9, adapt\u00e9es aux besoins \u00e9volutifs des entreprises. Chez PSM Formation Consulting, nous croyons en l&rsquo;am\u00e9lioration continue et en l&rsquo;innovation, tout en restant fid\u00e8les \u00e0 nos valeurs fondamentales de service personnalis\u00e9 et d&rsquo;impact durable.<\/p><p>Depuis sa cr\u00e9ation, PSM Formation Consulting s&rsquo;efforce d&rsquo;apporter des solutions de formation innovantes et personnalis\u00e9es pour r\u00e9pondre aux besoins de ses clients. Voici quelques-unes de nos principales r\u00e9alisations&#8230;<\/p>\t\t\t\t\t\t\t\t<\/div>\n\t\t\t\t<\/div>\n\t\t\t\t\t<\/div>\n\t\t\t\t<\/div>\n\t\t\t\t\t<\/div>\n\t\t\t\t<\/div>\n\t\t\t\t\t<\/div>\n\t\t\t\t<\/div>\n\t\t<div class=\"elementor-element elementor-element-0fbfe4a e-flex e-con-boxed wpr-particle-no wpr-jarallax-no wpr-parallax-no wpr-equal-height-no elementor-invisible e-con e-parent\" data-id=\"0fbfe4a\" data-element_type=\"container\" data-e-type=\"container\" data-settings=\"{&quot;animation&quot;:&quot;slideInUp&quot;}\">\n\t\t\t\t\t<div class=\"e-con-inner\">\n\t\t<div class=\"elementor-element elementor-element-c4d30b8 e-flex e-con-boxed wpr-particle-no wpr-jarallax-no wpr-parallax-no wpr-equal-height-no e-con e-child\" data-id=\"c4d30b8\" data-element_type=\"container\" data-e-type=\"container\" data-settings=\"{&quot;background_background&quot;:&quot;classic&quot;}\">\n\t\t\t\t\t<div class=\"e-con-inner\">\n\t\t<div class=\"elementor-element elementor-element-8cc53d8 e-grid e-con-boxed wpr-particle-no wpr-jarallax-no wpr-parallax-no wpr-equal-height-no e-con e-child\" data-id=\"8cc53d8\" data-element_type=\"container\" data-e-type=\"container\">\n\t\t\t\t\t<div class=\"e-con-inner\">\n\t\t\t\t<div class=\"elementor-element elementor-element-a292438 elementor-widget elementor-widget-counter\" data-id=\"a292438\" data-element_type=\"widget\" data-e-type=\"widget\" data-widget_type=\"counter.default\">\n\t\t\t\t<div class=\"elementor-widget-container\">\n\t\t\t\t\t\t\t<div class=\"elementor-counter\">\n\t\t\t<div class=\"elementor-counter-title\">D'\u00e9valuations<\/div>\t\t\t<div class=\"elementor-counter-number-wrapper\">\n\t\t\t\t<span class=\"elementor-counter-number-prefix\"><\/span>\n\t\t\t\t<span class=\"elementor-counter-number\" data-duration=\"2000\" data-to-value=\"9.43\" data-from-value=\"0\" data-delimiter=\",\">0<\/span>\n\t\t\t\t<span class=\"elementor-counter-number-suffix\">\/10<\/span>\n\t\t\t<\/div>\n\t\t<\/div>\n\t\t\t\t\t\t<\/div>\n\t\t\t\t<\/div>\n\t\t\t\t<div class=\"elementor-element elementor-element-f5e96ca elementor-widget elementor-widget-counter\" data-id=\"f5e96ca\" data-element_type=\"widget\" data-e-type=\"widget\" data-widget_type=\"counter.default\">\n\t\t\t\t<div class=\"elementor-widget-container\">\n\t\t\t\t\t\t\t<div class=\"elementor-counter\">\n\t\t\t<div class=\"elementor-counter-title\">Formateurs<\/div>\t\t\t<div class=\"elementor-counter-number-wrapper\">\n\t\t\t\t<span class=\"elementor-counter-number-prefix\"><\/span>\n\t\t\t\t<span class=\"elementor-counter-number\" data-duration=\"2000\" data-to-value=\"177\" data-from-value=\"0\" data-delimiter=\",\">0<\/span>\n\t\t\t\t<span class=\"elementor-counter-number-suffix\"><\/span>\n\t\t\t<\/div>\n\t\t<\/div>\n\t\t\t\t\t\t<\/div>\n\t\t\t\t<\/div>\n\t\t\t\t<div class=\"elementor-element elementor-element-d924817 elementor-widget elementor-widget-counter\" data-id=\"d924817\" data-element_type=\"widget\" data-e-type=\"widget\" data-widget_type=\"counter.default\">\n\t\t\t\t<div class=\"elementor-widget-container\">\n\t\t\t\t\t\t\t<div class=\"elementor-counter\">\n\t\t\t<div class=\"elementor-counter-title\">Clients<\/div>\t\t\t<div class=\"elementor-counter-number-wrapper\">\n\t\t\t\t<span class=\"elementor-counter-number-prefix\"><\/span>\n\t\t\t\t<span class=\"elementor-counter-number\" data-duration=\"2000\" data-to-value=\"124\" data-from-value=\"0\" data-delimiter=\",\">0<\/span>\n\t\t\t\t<span class=\"elementor-counter-number-suffix\"><\/span>\n\t\t\t<\/div>\n\t\t<\/div>\n\t\t\t\t\t\t<\/div>\n\t\t\t\t<\/div>\n\t\t\t\t<div class=\"elementor-element elementor-element-c11421d elementor-widget elementor-widget-counter\" data-id=\"c11421d\" data-element_type=\"widget\" data-e-type=\"widget\" data-widget_type=\"counter.default\">\n\t\t\t\t<div class=\"elementor-widget-container\">\n\t\t\t\t\t\t\t<div class=\"elementor-counter\">\n\t\t\t<div class=\"elementor-counter-title\">Solutions<\/div>\t\t\t<div class=\"elementor-counter-number-wrapper\">\n\t\t\t\t<span class=\"elementor-counter-number-prefix\"><\/span>\n\t\t\t\t<span class=\"elementor-counter-number\" data-duration=\"2000\" data-to-value=\"550\" data-from-value=\"0\" data-delimiter=\",\">0<\/span>\n\t\t\t\t<span class=\"elementor-counter-number-suffix\"><\/span>\n\t\t\t<\/div>\n\t\t<\/div>\n\t\t\t\t\t\t<\/div>\n\t\t\t\t<\/div>\n\t\t\t\t\t<\/div>\n\t\t\t\t<\/div>\n\t\t\t\t\t<\/div>\n\t\t\t\t<\/div>\n\t\t\t\t\t<\/div>\n\t\t\t\t<\/div>\n\t\t<div class=\"elementor-element elementor-element-45d180a elementor-hidden-desktop elementor-hidden-tablet elementor-hidden-mobile e-flex e-con-boxed wpr-particle-no wpr-jarallax-no wpr-parallax-no wpr-equal-height-no e-con e-parent\" data-id=\"45d180a\" data-element_type=\"container\" data-e-type=\"container\">\n\t\t\t\t\t<div class=\"e-con-inner\">\n\t\t\t\t<div class=\"elementor-element elementor-element-199f343 elementor-widget elementor-widget-image\" data-id=\"199f343\" data-element_type=\"widget\" data-e-type=\"widget\" data-widget_type=\"image.default\">\n\t\t\t\t<div class=\"elementor-widget-container\">\n\t\t\t\t\t\t\t\t\t\t\t\t\t\t\t<img loading=\"lazy\" decoding=\"async\" width=\"700\" height=\"467\" src=\"https:\/\/psmformationconsulting.com\/wp-content\/uploads\/2024\/06\/Blog-1.jpg\" class=\"attachment-large size-large wp-image-781\" alt=\"\u00c0 propos de PSM Formation Consulting\" srcset=\"https:\/\/psmformationconsulting.com\/wp-content\/uploads\/2024\/06\/Blog-1.jpg 700w, https:\/\/psmformationconsulting.com\/wp-content\/uploads\/2024\/06\/Blog-1-300x200.jpg 300w\" sizes=\"(max-width: 700px) 100vw, 700px\" \/>\t\t\t\t\t\t\t\t\t\t\t\t\t\t\t<\/div>\n\t\t\t\t<\/div>\n\t\t\t\t\t<\/div>\n\t\t\t\t<\/div>\n\t\t\t\t<\/div>\n\t\t","protected":false},"excerpt":{"rendered":"<p>\u00c0 propos \u00c0 propos de PSM Formation Consulting Planification Strat\u00e9gique D\u00e9velopper des strat\u00e9gies solides pour atteindre vos objectifs professionnels et maximiser vos performances \u00e0 long terme. Analyse de March\u00e9 Nos formations vous permettent de prendre des d\u00e9cisions \u00e9clair\u00e9es bas\u00e9es sur des donn\u00e9es pr\u00e9cises et pertinentes. Expertise Certifi\u00e9e Experts reconnus dans leurs domaines, avec une solide exp\u00e9rience pratique pour garantir des formations de qualit\u00e9. Formations Personnalis\u00e9es Nous adaptons nos formations aux besoins sp\u00e9cifiques de votre entreprise. Notre Mission et Vision avec une \u00c9quipe de Professionnels Chez PSM Formation Consulting, notre mission est de fournir des formations de qualit\u00e9 qui aident les entreprises \u00e0 se d\u00e9velopper et \u00e0 prosp\u00e9rer dans un environnement en constante \u00e9volution. Nous croyons fermement que chaque organisation m\u00e9rite des solutions sur mesure pour r\u00e9pondre \u00e0 ses besoins sp\u00e9cifiques. Notre vision est de devenir un leader reconnu dans le domaine de la formation professionnelle, en apportant des solutions innovantes et en cr\u00e9ant des impacts durables sur la performance des entreprises. Nelson Milheu Fondateur et directeur g\u00e9n\u00e9ral R\u00e9alisations de l&rsquo;Entreprise Chaque \u00e9tape de notre parcours refl\u00e8te notre engagement \u00e0 fournir des formations de qualit\u00e9, adapt\u00e9es aux besoins \u00e9volutifs des entreprises. Chez PSM Formation Consulting, nous croyons en l&rsquo;am\u00e9lioration continue et en l&rsquo;innovation, tout en restant fid\u00e8les \u00e0 nos valeurs fondamentales de service personnalis\u00e9 et d&rsquo;impact durable. Depuis sa cr\u00e9ation, PSM Formation Consulting s&rsquo;efforce d&rsquo;apporter des solutions de formation innovantes et personnalis\u00e9es pour r\u00e9pondre aux besoins de ses clients. Voici quelques-unes de nos principales r\u00e9alisations&#8230; D&rsquo;\u00e9valuations 0 \/10 Formateurs 0 Clients 0 Solutions 0<\/p>\n","protected":false},"author":1,"featured_media":0,"parent":0,"menu_order":0,"comment_status":"closed","ping_status":"closed","template":"elementor_canvas","meta":{"footnotes":""},"class_list":["post-680","page","type-page","status-publish","hentry"],"_links":{"self":[{"href":"https:\/\/psmformationconsulting.com\/index.php?rest_route=\/wp\/v2\/pages\/680","targetHints":{"allow":["GET"]}}],"collection":[{"href":"https:\/\/psmformationconsulting.com\/index.php?rest_route=\/wp\/v2\/pages"}],"about":[{"href":"https:\/\/psmformationconsulting.com\/index.php?rest_route=\/wp\/v2\/types\/page"}],"author":[{"embeddable":true,"href":"https:\/\/psmformationconsulting.com\/index.php?rest_route=\/wp\/v2\/users\/1"}],"replies":[{"embeddable":true,"href":"https:\/\/psmformationconsulting.com\/index.php?rest_route=%2Fwp%2Fv2%2Fcomments&post=680"}],"version-history":[{"count":40,"href":"https:\/\/psmformationconsulting.com\/index.php?rest_route=\/wp\/v2\/pages\/680\/revisions"}],"predecessor-version":[{"id":5258,"href":"https:\/\/psmformationconsulting.com\/index.php?rest_route=\/wp\/v2\/pages\/680\/revisions\/5258"}],"wp:attachment":[{"href":"https:\/\/psmformationconsulting.com\/index.php?rest_route=%2Fwp%2Fv2%2Fmedia&parent=680"}],"curies":[{"name":"wp","href":"https:\/\/api.w.org\/{rel}","templated":true}]}}